{"id":20326,"date":"2022-02-24T22:25:14","date_gmt":"2022-02-25T03:25:14","guid":{"rendered":"https:\/\/vinyform.com\/?page_id=20326"},"modified":"2026-01-29T10:25:25","modified_gmt":"2026-01-29T15:25:25","slug":"blog","status":"publish","type":"page","link":"https:\/\/vinyform.com\/fr\/blog\/","title":{"rendered":"Blog"},"content":{"rendered":"\t\t<div data-elementor-type=\"wp-page\" data-elementor-id=\"20326\" class=\"elementor elementor-20326 elementor-20325\" data-elementor-post-type=\"page\">\n\t\t\t\t\t\t<section class=\"elementor-section elementor-top-section elementor-element elementor-element-c2015fa elementor-reverse-mobile elementor-section-boxed elementor-section-height-default elementor-section-height-default elementor-invisible\" data-id=\"c2015fa\" data-element_type=\"section\" data-settings=\"{&quot;jet_parallax_layout_list&quot;:[{&quot;_id&quot;:&quot;071cbb8&quot;,&quot;jet_parallax_layout_image&quot;:{&quot;url&quot;:&quot;&quot;,&quot;id&quot;:&quot;&quot;,&quot;size&quot;:&quot;&quot;},&quot;jet_parallax_layout_image_tablet&quot;:{&quot;url&quot;:&quot;&quot;,&quot;id&quot;:&quot;&quot;,&quot;size&quot;:&quot;&quot;},&quot;jet_parallax_layout_image_mobile&quot;:{&quot;url&quot;:&quot;&quot;,&quot;id&quot;:&quot;&quot;,&quot;size&quot;:&quot;&quot;},&quot;jet_parallax_layout_speed&quot;:{&quot;unit&quot;:&quot;%&quot;,&quot;size&quot;:50,&quot;sizes&quot;:[]},&quot;jet_parallax_layout_type&quot;:&quot;scroll&quot;,&quot;jet_parallax_layout_direction&quot;:&quot;1&quot;,&quot;jet_parallax_layout_fx_direction&quot;:null,&quot;jet_parallax_layout_z_index&quot;:&quot;&quot;,&quot;jet_parallax_layout_bg_x&quot;:50,&quot;jet_parallax_layout_bg_x_tablet&quot;:&quot;&quot;,&quot;jet_parallax_layout_bg_x_mobile&quot;:&quot;&quot;,&quot;jet_parallax_layout_bg_y&quot;:50,&quot;jet_parallax_layout_bg_y_tablet&quot;:&quot;&quot;,&quot;jet_parallax_layout_bg_y_mobile&quot;:&quot;&quot;,&quot;jet_parallax_layout_bg_size&quot;:&quot;auto&quot;,&quot;jet_parallax_layout_bg_size_tablet&quot;:&quot;&quot;,&quot;jet_parallax_layout_bg_size_mobile&quot;:&quot;&quot;,&quot;jet_parallax_layout_animation_prop&quot;:&quot;transform&quot;,&quot;jet_parallax_layout_on&quot;:[&quot;desktop&quot;,&quot;tablet&quot;]}],&quot;animation&quot;:&quot;fadeIn&quot;}\">\n\t\t\t\t\t\t<div class=\"elementor-container elementor-column-gap-default\">\n\t\t\t\t\t<div class=\"elementor-column elementor-col-100 elementor-top-column elementor-element elementor-element-7175787\" data-id=\"7175787\" data-element_type=\"column\">\n\t\t\t<div class=\"elementor-widget-wrap elementor-element-populated\">\n\t\t\t\t\t\t<div class=\"elementor-element elementor-element-5d87410 elementor-grid-3 elementor-grid-tablet-2 elementor-grid-mobile-1 elementor-posts--thumbnail-top elementor-card-shadow-yes elementor-posts__hover-gradient elementor-widget elementor-widget-posts\" data-id=\"5d87410\" data-element_type=\"widget\" data-settings=\"{&quot;cards_columns&quot;:&quot;3&quot;,&quot;cards_columns_tablet&quot;:&quot;2&quot;,&quot;cards_columns_mobile&quot;:&quot;1&quot;,&quot;cards_row_gap&quot;:{&quot;unit&quot;:&quot;px&quot;,&quot;size&quot;:35,&quot;sizes&quot;:[]},&quot;cards_row_gap_tablet&quot;:{&quot;unit&quot;:&quot;px&quot;,&quot;size&quot;:&quot;&quot;,&quot;sizes&quot;:[]},&quot;cards_row_gap_mobile&quot;:{&quot;unit&quot;:&quot;px&quot;,&quot;size&quot;:&quot;&quot;,&quot;sizes&quot;:[]}}\" data-widget_type=\"posts.cards\">\n\t\t\t\t<div class=\"elementor-widget-container\">\n\t\t\t\t\t\t\t<div class=\"elementor-posts-container elementor-posts elementor-posts--skin-cards elementor-grid\" role=\"list\">\n\t\t\t\t<article class=\"elementor-post elementor-grid-item post-26726 post type-post status-publish format-standard has-post-thumbnail hentry category-automobile tag-assurance tag-automobile tag-automotive tag-autos tag-carte tag-concession tag-concessionnaire tag-garantie tag-manuel tag-registration tag-voiture\" role=\"listitem\">\n\t\t\t<div class=\"elementor-post__card\">\n\t\t\t\t<a class=\"elementor-post__thumbnail__link\" href=\"https:\/\/vinyform.com\/fr\/pourquoi-les-concessionnaires-automobiles-sont-ils-lun-des-meilleurs-clients-des-distributeurs-de-produits-promotionnels\/\" tabindex=\"-1\" ><div class=\"elementor-post__thumbnail\"><img fetchpriority=\"high\" decoding=\"async\" width=\"300\" height=\"300\" src=\"https:\/\/vinyform.com\/wp-content\/uploads\/2026\/04\/Automobile-POST-300x300.jpg\" class=\"attachment-medium size-medium wp-image-26725\" alt=\"Automobile POST\" srcset=\"https:\/\/vinyform.com\/wp-content\/uploads\/2026\/04\/Automobile-POST-300x300.jpg 300w, https:\/\/vinyform.com\/wp-content\/uploads\/2026\/04\/Automobile-POST-1024x1024.jpg 1024w, https:\/\/vinyform.com\/wp-content\/uploads\/2026\/04\/Automobile-POST-150x150.jpg 150w, https:\/\/vinyform.com\/wp-content\/uploads\/2026\/04\/Automobile-POST-768x768.jpg 768w, https:\/\/vinyform.com\/wp-content\/uploads\/2026\/04\/Automobile-POST-1536x1536.jpg 1536w, https:\/\/vinyform.com\/wp-content\/uploads\/2026\/04\/Automobile-POST-2048x2048.jpg 2048w, https:\/\/vinyform.com\/wp-content\/uploads\/2026\/04\/Automobile-POST-600x600.jpg 600w, https:\/\/vinyform.com\/wp-content\/uploads\/2026\/04\/Automobile-POST-100x100.jpg 100w\" sizes=\"(max-width: 300px) 100vw, 300px\" \/><\/div><\/a>\n\t\t\t\t<div class=\"elementor-post__badge\">AUTOMOBILE<\/div>\n\t\t\t\t<div class=\"elementor-post__text\">\n\t\t\t\t<h3 class=\"elementor-post__title\">\n\t\t\t<a href=\"https:\/\/vinyform.com\/fr\/pourquoi-les-concessionnaires-automobiles-sont-ils-lun-des-meilleurs-clients-des-distributeurs-de-produits-promotionnels\/\" >\n\t\t\t\tPourquoi les concessionnaires automobiles sont-ils l&rsquo;un des meilleurs clients des distributeurs de produits promotionnels ?\t\t\t<\/a>\n\t\t<\/h3>\n\t\t\t\t<div class=\"elementor-post__excerpt\">\n\t\t\t<p>Si vous \u00eates un distributeur de produits promotionnels, les concessionnaires automobiles constituent l&rsquo;un des segments de client\u00e8le les plus sous-estim\u00e9s et les plus rentables sur<\/p>\n\t\t<\/div>\n\t\t\t\t\t<div class=\"elementor-post__read-more-wrapper\">\n\t\t\n\t\t<a class=\"elementor-post__read-more\" href=\"https:\/\/vinyform.com\/fr\/pourquoi-les-concessionnaires-automobiles-sont-ils-lun-des-meilleurs-clients-des-distributeurs-de-produits-promotionnels\/\" aria-label=\"En savoir plus sur Pourquoi les concessionnaires automobiles sont-ils l&rsquo;un des meilleurs clients des distributeurs de produits promotionnels ?\" tabindex=\"-1\" >\n\t\t\tLire la suite \u00bb\t\t<\/a>\n\n\t\t\t\t\t<\/div>\n\t\t\t\t<\/div>\n\t\t\t\t\t<\/div>\n\t\t<\/article>\n\t\t\t\t<article class=\"elementor-post elementor-grid-item post-26646 post type-post status-publish format-standard has-post-thumbnail hentry category-pochettes-en-vinyle tag-detaillant tag-entrepot tag-etiquette-de-prix tag-identification tag-prix-2 tag-prix-3 tag-stockage tag-vinyl\" role=\"listitem\">\n\t\t\t<div class=\"elementor-post__card\">\n\t\t\t\t<a class=\"elementor-post__thumbnail__link\" href=\"https:\/\/vinyform.com\/fr\/pochettes-adhesives-transparentes-une-solution-daffichage-simple-et-efficace\/\" tabindex=\"-1\" ><div class=\"elementor-post__thumbnail\"><img decoding=\"async\" width=\"300\" height=\"282\" src=\"https:\/\/vinyform.com\/wp-content\/uploads\/2026\/03\/CLEAR-ADHESIVE-POCKET-AI-300x282.jpg\" class=\"attachment-medium size-medium wp-image-26645\" alt=\"POCHETTE ADH\u00c9SIVE TRANSPARENTE AI\" srcset=\"https:\/\/vinyform.com\/wp-content\/uploads\/2026\/03\/CLEAR-ADHESIVE-POCKET-AI-300x282.jpg 300w, https:\/\/vinyform.com\/wp-content\/uploads\/2026\/03\/CLEAR-ADHESIVE-POCKET-AI.jpg 528w\" sizes=\"(max-width: 300px) 100vw, 300px\" \/><\/div><\/a>\n\t\t\t\t<div class=\"elementor-post__badge\">POCHETTES EN VINYLE<\/div>\n\t\t\t\t<div class=\"elementor-post__text\">\n\t\t\t\t<h3 class=\"elementor-post__title\">\n\t\t\t<a href=\"https:\/\/vinyform.com\/fr\/pochettes-adhesives-transparentes-une-solution-daffichage-simple-et-efficace\/\" >\n\t\t\t\tPochettes adh\u00e9sives transparentes : Une solution d&rsquo;affichage simple et efficace\t\t\t<\/a>\n\t\t<\/h3>\n\t\t\t\t<div class=\"elementor-post__excerpt\">\n\t\t\t<p>Les pochettes adh\u00e9sives transparentes sont une solution pratique et polyvalente utilis\u00e9e dans de nombreux secteurs pour pr\u00e9senter des informations de mani\u00e8re rapide et professionnelle. Que<\/p>\n\t\t<\/div>\n\t\t\t\t\t<div class=\"elementor-post__read-more-wrapper\">\n\t\t\n\t\t<a class=\"elementor-post__read-more\" href=\"https:\/\/vinyform.com\/fr\/pochettes-adhesives-transparentes-une-solution-daffichage-simple-et-efficace\/\" aria-label=\"En savoir plus sur Pochettes adh\u00e9sives transparentes : Une solution d&rsquo;affichage simple et efficace\" tabindex=\"-1\" >\n\t\t\tLire la suite \u00bb\t\t<\/a>\n\n\t\t\t\t\t<\/div>\n\t\t\t\t<\/div>\n\t\t\t\t\t<\/div>\n\t\t<\/article>\n\t\t\t\t<article class=\"elementor-post elementor-grid-item post-26574 post type-post status-publish format-standard has-post-thumbnail hentry category-cartable tag-dossier tag-organisation tag-politique tag-politiques tag-procedures tag-projet tag-reference\" role=\"listitem\">\n\t\t\t<div class=\"elementor-post__card\">\n\t\t\t\t<a class=\"elementor-post__thumbnail__link\" href=\"https:\/\/vinyform.com\/fr\/loutil-de-productivite-le-plus-sous-estime-des-entreprises-le-cartable\/\" tabindex=\"-1\" ><div class=\"elementor-post__thumbnail\"><img decoding=\"async\" width=\"300\" height=\"225\" src=\"https:\/\/vinyform.com\/wp-content\/uploads\/2026\/02\/cartable-blog-300x225.jpg\" class=\"attachment-medium size-medium wp-image-26578\" alt=\"cartable blog\" srcset=\"https:\/\/vinyform.com\/wp-content\/uploads\/2026\/02\/cartable-blog-300x225.jpg 300w, https:\/\/vinyform.com\/wp-content\/uploads\/2026\/02\/cartable-blog-1024x768.jpg 1024w, https:\/\/vinyform.com\/wp-content\/uploads\/2026\/02\/cartable-blog-768x576.jpg 768w, https:\/\/vinyform.com\/wp-content\/uploads\/2026\/02\/cartable-blog-1536x1152.jpg 1536w, https:\/\/vinyform.com\/wp-content\/uploads\/2026\/02\/cartable-blog-600x450.jpg 600w, https:\/\/vinyform.com\/wp-content\/uploads\/2026\/02\/cartable-blog.jpg 1600w\" sizes=\"(max-width: 300px) 100vw, 300px\" \/><\/div><\/a>\n\t\t\t\t<div class=\"elementor-post__badge\">cartable<\/div>\n\t\t\t\t<div class=\"elementor-post__text\">\n\t\t\t\t<h3 class=\"elementor-post__title\">\n\t\t\t<a href=\"https:\/\/vinyform.com\/fr\/loutil-de-productivite-le-plus-sous-estime-des-entreprises-le-cartable\/\" >\n\t\t\t\tL&rsquo;outil de productivit\u00e9 le plus sous-estim\u00e9 des entreprises ? Le cartable\t\t\t<\/a>\n\t\t<\/h3>\n\t\t\t\t<div class=\"elementor-post__excerpt\">\n\t\t\t<p>Les entreprises investissent massivement dans des outils num\u00e9riques pour rester organis\u00e9es &#8211; stockage en nuage, plateformes de projet, disques partag\u00e9s. Pourtant, de nombreuses \u00e9quipes se<\/p>\n\t\t<\/div>\n\t\t\t\t\t<div class=\"elementor-post__read-more-wrapper\">\n\t\t\n\t\t<a class=\"elementor-post__read-more\" href=\"https:\/\/vinyform.com\/fr\/loutil-de-productivite-le-plus-sous-estime-des-entreprises-le-cartable\/\" aria-label=\"En savoir plus sur L&rsquo;outil de productivit\u00e9 le plus sous-estim\u00e9 des entreprises ? Le cartable\" tabindex=\"-1\" >\n\t\t\tLire la suite \u00bb\t\t<\/a>\n\n\t\t\t\t\t<\/div>\n\t\t\t\t<\/div>\n\t\t\t\t\t<\/div>\n\t\t<\/article>\n\t\t\t\t<article class=\"elementor-post elementor-grid-item post-26564 post type-post status-publish format-standard has-post-thumbnail hentry category-porte-diplome tag-ecole tag-ecole-secondaire tag-graduation tag-porte-diplome tag-prix tag-reconnaissance tag-universite\" role=\"listitem\">\n\t\t\t<div class=\"elementor-post__card\">\n\t\t\t\t<a class=\"elementor-post__thumbnail__link\" href=\"https:\/\/vinyform.com\/fr\/pourquoi-les-porte-diplomes-ont-ils-encore-de-limportance-dans-un-monde-numerique\/\" tabindex=\"-1\" ><div class=\"elementor-post__thumbnail\"><img loading=\"lazy\" decoding=\"async\" width=\"300\" height=\"225\" src=\"https:\/\/vinyform.com\/wp-content\/uploads\/2026\/02\/diplome-blog-300x225.jpg\" class=\"attachment-medium size-medium wp-image-26582\" alt=\"diplome blog\" srcset=\"https:\/\/vinyform.com\/wp-content\/uploads\/2026\/02\/diplome-blog-300x225.jpg 300w, https:\/\/vinyform.com\/wp-content\/uploads\/2026\/02\/diplome-blog-1024x768.jpg 1024w, https:\/\/vinyform.com\/wp-content\/uploads\/2026\/02\/diplome-blog-768x576.jpg 768w, https:\/\/vinyform.com\/wp-content\/uploads\/2026\/02\/diplome-blog-1536x1152.jpg 1536w, https:\/\/vinyform.com\/wp-content\/uploads\/2026\/02\/diplome-blog-600x450.jpg 600w, https:\/\/vinyform.com\/wp-content\/uploads\/2026\/02\/diplome-blog.jpg 1600w\" sizes=\"(max-width: 300px) 100vw, 300px\" \/><\/div><\/a>\n\t\t\t\t<div class=\"elementor-post__badge\">PORTE-DIPL\u00d4ME<\/div>\n\t\t\t\t<div class=\"elementor-post__text\">\n\t\t\t\t<h3 class=\"elementor-post__title\">\n\t\t\t<a href=\"https:\/\/vinyform.com\/fr\/pourquoi-les-porte-diplomes-ont-ils-encore-de-limportance-dans-un-monde-numerique\/\" >\n\t\t\t\tPourquoi les porte-dipl\u00f4mes ont-ils encore de l&rsquo;importance dans un monde num\u00e9rique ?\t\t\t<\/a>\n\t\t<\/h3>\n\t\t\t\t<div class=\"elementor-post__excerpt\">\n\t\t\t<p>Dans le monde d&rsquo;aujourd&rsquo;hui, presque tout est num\u00e9rique &#8211; les documents, les certificats et m\u00eame les c\u00e9r\u00e9monies de remise des dipl\u00f4mes sont de plus en<\/p>\n\t\t<\/div>\n\t\t\t\t\t<div class=\"elementor-post__read-more-wrapper\">\n\t\t\n\t\t<a class=\"elementor-post__read-more\" href=\"https:\/\/vinyform.com\/fr\/pourquoi-les-porte-diplomes-ont-ils-encore-de-limportance-dans-un-monde-numerique\/\" aria-label=\"En savoir plus sur Pourquoi les porte-dipl\u00f4mes ont-ils encore de l&rsquo;importance dans un monde num\u00e9rique ?\" tabindex=\"-1\" >\n\t\t\tLire la suite \u00bb\t\t<\/a>\n\n\t\t\t\t\t<\/div>\n\t\t\t\t<\/div>\n\t\t\t\t\t<\/div>\n\t\t<\/article>\n\t\t\t\t<\/div>\n\t\t\n\t\t\t\t\t\t<\/div>\n\t\t\t\t<\/div>\n\t\t\t\t\t<\/div>\n\t\t<\/div>\n\t\t\t\t\t<\/div>\n\t\t<\/section>\n\t\t\t\t<\/div>\n\t\t","protected":false},"excerpt":{"rendered":"","protected":false},"author":80,"featured_media":7433,"parent":0,"menu_order":0,"comment_status":"closed","ping_status":"closed","template":"","meta":{"footnotes":""},"class_list":["post-20326","page","type-page","status-publish","has-post-thumbnail","hentry"],"_links":{"self":[{"href":"https:\/\/vinyform.com\/fr\/wp-json\/wp\/v2\/pages\/20326","targetHints":{"allow":["GET"]}}],"collection":[{"href":"https:\/\/vinyform.com\/fr\/wp-json\/wp\/v2\/pages"}],"about":[{"href":"https:\/\/vinyform.com\/fr\/wp-json\/wp\/v2\/types\/page"}],"author":[{"embeddable":true,"href":"https:\/\/vinyform.com\/fr\/wp-json\/wp\/v2\/users\/80"}],"replies":[{"embeddable":true,"href":"https:\/\/vinyform.com\/fr\/wp-json\/wp\/v2\/comments?post=20326"}],"version-history":[{"count":8,"href":"https:\/\/vinyform.com\/fr\/wp-json\/wp\/v2\/pages\/20326\/revisions"}],"predecessor-version":[{"id":26521,"href":"https:\/\/vinyform.com\/fr\/wp-json\/wp\/v2\/pages\/20326\/revisions\/26521"}],"wp:featuredmedia":[{"embeddable":true,"href":"https:\/\/vinyform.com\/fr\/wp-json\/wp\/v2\/media\/7433"}],"wp:attachment":[{"href":"https:\/\/vinyform.com\/fr\/wp-json\/wp\/v2\/media?parent=20326"}],"curies":[{"name":"wp","href":"https:\/\/api.w.org\/{rel}","templated":true}]}}