{"id":14668,"date":"2022-01-20T11:51:30","date_gmt":"2022-01-20T16:51:30","guid":{"rendered":"https:\/\/vinyform.com\/product\/porte-cartes-daffaires-48-cartes\/"},"modified":"2023-06-29T08:49:46","modified_gmt":"2023-06-29T12:49:46","slug":"porte-cartes-daffaires-48-cartes","status":"publish","type":"product","link":"https:\/\/vinyform.com\/fr\/produit\/porte-cartes-daffaires-48-cartes\/","title":{"rendered":"Porte-cartes d&rsquo;affaires (48 cartes)"},"content":{"rendered":"","protected":false},"excerpt":{"rendered":"<p>Capacit\u00e9 de 48 cartes (dos \u00e0 dos), 4 cartes \u00e0 la vue.<\/p>\n","protected":false},"featured_media":19970,"template":"","meta":[],"product_brand":[],"product_cat":[648],"product_tag":[],"industries":[649],"class_list":{"0":"post-14668","1":"product","2":"type-product","3":"status-publish","4":"has-post-thumbnail","6":"product_cat-portes-cartes-et-porte-permis","7":"pa_dimensions-closed-4-1-8-x-5-fr","8":"pa_quantity-150-fr","9":"pa_quantity-250-fr","10":"pa_quantity-500-fr","11":"pa_quantity-1000-fr","12":"pa_quantity-2500-fr","13":"industries-ventes-et-bureaux-professionnels","15":"first","16":"instock","17":"purchasable","18":"product-type-variable"},"_links":{"self":[{"href":"https:\/\/vinyform.com\/fr\/wp-json\/wp\/v2\/product\/14668","targetHints":{"allow":["GET"]}}],"collection":[{"href":"https:\/\/vinyform.com\/fr\/wp-json\/wp\/v2\/product"}],"about":[{"href":"https:\/\/vinyform.com\/fr\/wp-json\/wp\/v2\/types\/product"}],"version-history":[{"count":31,"href":"https:\/\/vinyform.com\/fr\/wp-json\/wp\/v2\/product\/14668\/revisions"}],"predecessor-version":[{"id":20267,"href":"https:\/\/vinyform.com\/fr\/wp-json\/wp\/v2\/product\/14668\/revisions\/20267"}],"wp:featuredmedia":[{"embeddable":true,"href":"https:\/\/vinyform.com\/fr\/wp-json\/wp\/v2\/media\/19970"}],"wp:attachment":[{"href":"https:\/\/vinyform.com\/fr\/wp-json\/wp\/v2\/media?parent=14668"}],"wp:term":[{"taxonomy":"product_brand","embeddable":true,"href":"https:\/\/vinyform.com\/fr\/wp-json\/wp\/v2\/product_brand?post=14668"},{"taxonomy":"product_cat","embeddable":true,"href":"https:\/\/vinyform.com\/fr\/wp-json\/wp\/v2\/product_cat?post=14668"},{"taxonomy":"product_tag","embeddable":true,"href":"https:\/\/vinyform.com\/fr\/wp-json\/wp\/v2\/product_tag?post=14668"},{"taxonomy":"industries","embeddable":true,"href":"https:\/\/vinyform.com\/fr\/wp-json\/wp\/v2\/industries?post=14668"}],"curies":[{"name":"wp","href":"https:\/\/api.w.org\/{rel}","templated":true}]}}