{"id":14710,"date":"2022-01-20T10:05:12","date_gmt":"2022-01-20T15:05:12","guid":{"rendered":"https:\/\/vinyform.com\/product\/porte-garanties-automobile-5\/"},"modified":"2025-12-16T15:59:28","modified_gmt":"2025-12-16T20:59:28","slug":"porte-garanties-automobile-5","status":"publish","type":"product","link":"https:\/\/vinyform.com\/fr\/produit\/porte-garanties-automobile-5\/","title":{"rendered":"Porte-garanties automobile"},"content":{"rendered":"","protected":false},"excerpt":{"rendered":"<p>Porte-garantie automobile. 6 3\/4\u2033 x 9 1\/2\u2033. Ce mod\u00e8le est pli\u00e9 en 2: en page 2 il y a une grande pochette opaque et une grande pochette transparente superpos\u00e9e. En page 3, une grande pochette opaque avec 3 petites pochettes transparentes superpos\u00e9es. Option disponible pour avoir 4 pochettes au lieu de 3. L\u2019impression \u00e0 chaud est limit\u00e9e \u00e0 un seul endroit d\u2019une grandeur maximum de 12 pouces carr\u00e9es et\/ou 6 pouces lin\u00e9aires.<\/p>\n<p>Pour avoir uniquement une pochette en page 2, voir l\u2019item PL54A.<\/p>\n<p>Pour des grandeurs diff\u00e9rentes: PL53B 6 1\/4\u2033 x 9 1\/2\u2033 et PL58B 7 1\/4\u2033 x 10 1\/4\u2033.<\/p>\n","protected":false},"featured_media":25835,"template":"","meta":[],"product_brand":[],"product_cat":[648],"product_tag":[],"industries":[664],"class_list":{"0":"post-14710","1":"product","2":"type-product","3":"status-publish","4":"has-post-thumbnail","6":"product_cat-portes-cartes-et-porte-permis","7":"pa_quantity-250-fr","8":"pa_quantity-500-fr","9":"pa_quantity-1000-fr","10":"pa_quantity-2500-fr","11":"pa_quantity-5000-fr","12":"industries-automobile-fr","14":"first","15":"instock","16":"purchasable","17":"product-type-variable"},"_links":{"self":[{"href":"https:\/\/vinyform.com\/fr\/wp-json\/wp\/v2\/product\/14710","targetHints":{"allow":["GET"]}}],"collection":[{"href":"https:\/\/vinyform.com\/fr\/wp-json\/wp\/v2\/product"}],"about":[{"href":"https:\/\/vinyform.com\/fr\/wp-json\/wp\/v2\/types\/product"}],"version-history":[{"count":4,"href":"https:\/\/vinyform.com\/fr\/wp-json\/wp\/v2\/product\/14710\/revisions"}],"predecessor-version":[{"id":24543,"href":"https:\/\/vinyform.com\/fr\/wp-json\/wp\/v2\/product\/14710\/revisions\/24543"}],"wp:featuredmedia":[{"embeddable":true,"href":"https:\/\/vinyform.com\/fr\/wp-json\/wp\/v2\/media\/25835"}],"wp:attachment":[{"href":"https:\/\/vinyform.com\/fr\/wp-json\/wp\/v2\/media?parent=14710"}],"wp:term":[{"taxonomy":"product_brand","embeddable":true,"href":"https:\/\/vinyform.com\/fr\/wp-json\/wp\/v2\/product_brand?post=14710"},{"taxonomy":"product_cat","embeddable":true,"href":"https:\/\/vinyform.com\/fr\/wp-json\/wp\/v2\/product_cat?post=14710"},{"taxonomy":"product_tag","embeddable":true,"href":"https:\/\/vinyform.com\/fr\/wp-json\/wp\/v2\/product_tag?post=14710"},{"taxonomy":"industries","embeddable":true,"href":"https:\/\/vinyform.com\/fr\/wp-json\/wp\/v2\/industries?post=14710"}],"curies":[{"name":"wp","href":"https:\/\/api.w.org\/{rel}","templated":true}]}}