{"id":14765,"date":"2022-01-20T10:05:39","date_gmt":"2022-01-20T15:05:39","guid":{"rendered":"https:\/\/vinyform.com\/product\/porte-garanties-automobile-12\/"},"modified":"2023-06-29T08:46:32","modified_gmt":"2023-06-29T12:46:32","slug":"porte-garanties-automobile-12","status":"publish","type":"product","link":"https:\/\/vinyform.com\/fr\/produit\/porte-garanties-automobile-12\/","title":{"rendered":"Porte-garanties automobile"},"content":{"rendered":"","protected":false},"excerpt":{"rendered":"<p>Porte-garanties automobile avec 2 volets comprenant 3 petites pochettes transparentes superpos\u00e9es \u00e0 une grande pochette opaque en page 2 et 1 pochette \u00e0 gousset opauqe en page 3. Capacit\u00e9 1\u00a0\u00bb<\/p>\n","protected":false},"featured_media":16537,"template":"","meta":[],"product_brand":[],"product_cat":[648],"product_tag":[],"industries":[664],"class_list":{"0":"post-14765","1":"product","2":"type-product","3":"status-publish","4":"has-post-thumbnail","6":"product_cat-portes-cartes-et-porte-permis","7":"pa_quantity-250-fr","8":"pa_quantity-500-fr","9":"pa_quantity-1000-fr","10":"pa_quantity-2500-fr","11":"pa_quantity-5000-fr","12":"industries-automobile-fr","14":"first","15":"instock","16":"purchasable","17":"product-type-variable"},"_links":{"self":[{"href":"https:\/\/vinyform.com\/fr\/wp-json\/wp\/v2\/product\/14765","targetHints":{"allow":["GET"]}}],"collection":[{"href":"https:\/\/vinyform.com\/fr\/wp-json\/wp\/v2\/product"}],"about":[{"href":"https:\/\/vinyform.com\/fr\/wp-json\/wp\/v2\/types\/product"}],"version-history":[{"count":2,"href":"https:\/\/vinyform.com\/fr\/wp-json\/wp\/v2\/product\/14765\/revisions"}],"predecessor-version":[{"id":18110,"href":"https:\/\/vinyform.com\/fr\/wp-json\/wp\/v2\/product\/14765\/revisions\/18110"}],"wp:featuredmedia":[{"embeddable":true,"href":"https:\/\/vinyform.com\/fr\/wp-json\/wp\/v2\/media\/16537"}],"wp:attachment":[{"href":"https:\/\/vinyform.com\/fr\/wp-json\/wp\/v2\/media?parent=14765"}],"wp:term":[{"taxonomy":"product_brand","embeddable":true,"href":"https:\/\/vinyform.com\/fr\/wp-json\/wp\/v2\/product_brand?post=14765"},{"taxonomy":"product_cat","embeddable":true,"href":"https:\/\/vinyform.com\/fr\/wp-json\/wp\/v2\/product_cat?post=14765"},{"taxonomy":"product_tag","embeddable":true,"href":"https:\/\/vinyform.com\/fr\/wp-json\/wp\/v2\/product_tag?post=14765"},{"taxonomy":"industries","embeddable":true,"href":"https:\/\/vinyform.com\/fr\/wp-json\/wp\/v2\/industries?post=14765"}],"curies":[{"name":"wp","href":"https:\/\/api.w.org\/{rel}","templated":true}]}}