{"id":14772,"date":"2022-01-20T10:05:53","date_gmt":"2022-01-20T15:05:53","guid":{"rendered":"https:\/\/vinyform.com\/product\/porte-garanties-en-cuir-synthetique\/"},"modified":"2023-06-29T08:46:35","modified_gmt":"2023-06-29T12:46:35","slug":"porte-garanties-en-cuir-synthetique","status":"publish","type":"product","link":"https:\/\/vinyform.com\/fr\/produit\/porte-garanties-en-cuir-synthetique\/","title":{"rendered":"Porte-garanties en cuir synth\u00e9tique"},"content":{"rendered":"","protected":false},"excerpt":{"rendered":"<p>Porte-garantie en cuir synth\u00e9tique: \u00c9tui en cuir synth\u00e9tique de luxe. Comprend une grande pochette transparente scell\u00e9e sur une grande pochette opaque en page 2 ainsi que 3 pochettes transparentes scell\u00e9es sur une grande pochette opaque en page 3.<\/p>\n","protected":false},"featured_media":16541,"template":"","meta":[],"product_brand":[],"product_cat":[648],"product_tag":[],"industries":[664],"class_list":{"0":"post-14772","1":"product","2":"type-product","3":"status-publish","4":"has-post-thumbnail","6":"product_cat-portes-cartes-et-porte-permis","7":"pa_dimensions-closed-7-x-10-fr","8":"pa_quantity-75-fr","9":"pa_quantity-150-fr","10":"pa_quantity-250-fr","11":"pa_quantity-500-fr","12":"pa_quantity-1000-fr","13":"industries-automobile-fr","15":"first","16":"instock","17":"purchasable","18":"product-type-variable"},"_links":{"self":[{"href":"https:\/\/vinyform.com\/fr\/wp-json\/wp\/v2\/product\/14772","targetHints":{"allow":["GET"]}}],"collection":[{"href":"https:\/\/vinyform.com\/fr\/wp-json\/wp\/v2\/product"}],"about":[{"href":"https:\/\/vinyform.com\/fr\/wp-json\/wp\/v2\/types\/product"}],"version-history":[{"count":2,"href":"https:\/\/vinyform.com\/fr\/wp-json\/wp\/v2\/product\/14772\/revisions"}],"predecessor-version":[{"id":18111,"href":"https:\/\/vinyform.com\/fr\/wp-json\/wp\/v2\/product\/14772\/revisions\/18111"}],"wp:featuredmedia":[{"embeddable":true,"href":"https:\/\/vinyform.com\/fr\/wp-json\/wp\/v2\/media\/16541"}],"wp:attachment":[{"href":"https:\/\/vinyform.com\/fr\/wp-json\/wp\/v2\/media?parent=14772"}],"wp:term":[{"taxonomy":"product_brand","embeddable":true,"href":"https:\/\/vinyform.com\/fr\/wp-json\/wp\/v2\/product_brand?post=14772"},{"taxonomy":"product_cat","embeddable":true,"href":"https:\/\/vinyform.com\/fr\/wp-json\/wp\/v2\/product_cat?post=14772"},{"taxonomy":"product_tag","embeddable":true,"href":"https:\/\/vinyform.com\/fr\/wp-json\/wp\/v2\/product_tag?post=14772"},{"taxonomy":"industries","embeddable":true,"href":"https:\/\/vinyform.com\/fr\/wp-json\/wp\/v2\/industries?post=14772"}],"curies":[{"name":"wp","href":"https:\/\/api.w.org\/{rel}","templated":true}]}}