{"id":14844,"date":"2022-01-20T10:06:34","date_gmt":"2022-01-20T15:06:34","guid":{"rendered":"https:\/\/vinyform.com\/product\/porte-permis-3\/"},"modified":"2024-04-05T07:07:43","modified_gmt":"2024-04-05T11:07:43","slug":"porte-permis-3","status":"publish","type":"product","link":"https:\/\/vinyform.com\/fr\/produit\/porte-permis-3\/","title":{"rendered":"porte-permis"},"content":{"rendered":"","protected":false},"excerpt":{"rendered":"<p>Porte-permis standard: grandeur ferm\u00e9e: 4 1\/2&Prime; x 3&Prime;. Ce porte-permis a 2 pochettes claires \u00e0 l&rsquo;int\u00e9rieur.<\/p>\n<p>Parfait pour les papiers importants tels que les immatriculations et preuves d&rsquo;assurance. Cet item est tr\u00e8s versatile et peut \u00eatre utilis\u00e9 dans diff\u00e9rentes industries: automobile, assurances, carte de pourvoirie, permis de chasse et\/ou p\u00eache ainsi que des cartes de membre.<\/p>\n<p>L&rsquo;impression \u00e0 chaud est limit\u00e9e \u00e0 un endroit et un maximum de 8 pouces carr\u00e9s.<\/p>\n<p>Poids: 1200pcs \/box (27 lbs)<\/p>\n<p>Pour autres variations de cet item: PL34 pour une pochette claire additionnelle derri\u00e8re ou PL33 pour le porte-permis \u00e0 3 volets.<\/p>\n","protected":false},"featured_media":3801,"template":"","meta":[],"product_brand":[],"product_cat":[648],"product_tag":[],"industries":[650,664,701,649,656],"class_list":{"0":"post-14844","1":"product","2":"type-product","3":"status-publish","4":"has-post-thumbnail","6":"product_cat-portes-cartes-et-porte-permis","7":"pa_dimensions-closed-4-1-2-x-3-fr","8":"pa_quantity-500-fr","9":"pa_quantity-1000-fr","10":"pa_quantity-2500-fr","11":"pa_quantity-5000-fr","12":"pa_quantity-10000-fr","13":"industries-assurance","14":"industries-automobile-fr","15":"industries-institutions-financieres","16":"industries-ventes-et-bureaux-professionnels","17":"industries-voyage","19":"first","20":"instock","21":"featured","22":"purchasable","23":"product-type-variable"},"_links":{"self":[{"href":"https:\/\/vinyform.com\/fr\/wp-json\/wp\/v2\/product\/14844","targetHints":{"allow":["GET"]}}],"collection":[{"href":"https:\/\/vinyform.com\/fr\/wp-json\/wp\/v2\/product"}],"about":[{"href":"https:\/\/vinyform.com\/fr\/wp-json\/wp\/v2\/types\/product"}],"version-history":[{"count":8,"href":"https:\/\/vinyform.com\/fr\/wp-json\/wp\/v2\/product\/14844\/revisions"}],"predecessor-version":[{"id":24633,"href":"https:\/\/vinyform.com\/fr\/wp-json\/wp\/v2\/product\/14844\/revisions\/24633"}],"wp:featuredmedia":[{"embeddable":true,"href":"https:\/\/vinyform.com\/fr\/wp-json\/wp\/v2\/media\/3801"}],"wp:attachment":[{"href":"https:\/\/vinyform.com\/fr\/wp-json\/wp\/v2\/media?parent=14844"}],"wp:term":[{"taxonomy":"product_brand","embeddable":true,"href":"https:\/\/vinyform.com\/fr\/wp-json\/wp\/v2\/product_brand?post=14844"},{"taxonomy":"product_cat","embeddable":true,"href":"https:\/\/vinyform.com\/fr\/wp-json\/wp\/v2\/product_cat?post=14844"},{"taxonomy":"product_tag","embeddable":true,"href":"https:\/\/vinyform.com\/fr\/wp-json\/wp\/v2\/product_tag?post=14844"},{"taxonomy":"industries","embeddable":true,"href":"https:\/\/vinyform.com\/fr\/wp-json\/wp\/v2\/industries?post=14844"}],"curies":[{"name":"wp","href":"https:\/\/api.w.org\/{rel}","templated":true}]}}