{"id":15305,"date":"2022-01-20T10:07:10","date_gmt":"2022-01-20T15:07:10","guid":{"rendered":"https:\/\/vinyform.com\/product\/cartable-en-vinyle-5\/"},"modified":"2024-04-17T13:37:47","modified_gmt":"2024-04-17T17:37:47","slug":"cartable-en-vinyle-5","status":"publish","type":"product","link":"https:\/\/vinyform.com\/fr\/produit\/cartable-en-vinyle-5\/","title":{"rendered":"cartable en vinyle 2&Prime;"},"content":{"rendered":"","protected":false},"excerpt":{"rendered":"<p>Cartable \u00e0 anneaux en D avec une capacit\u00e9 de 2&Prime; soit environ 400 feuilles. L&rsquo;\u00e9pine mesure 3 1\/8&Prime;. Le m\u00e9canisme est mont\u00e9 dans la couverture arri\u00e8re ce qui permet une rotation facile et un alignement parfait des feuilles.<\/p>\n<p>Un cartable standard est fait de vinyle avec une impression en s\u00e9rigraphie ou\u00a0 impression \u00e0 chaud. L&rsquo;impression \u00e0 chaud est limit\u00e9e \u00e0 12 pouces carr\u00e9es et\/ou 6 pouces lin\u00e9aires. La configuration int\u00e9rieure est personnalisable selon vos besoins.<\/p>\n<p>Contactez-nous pour les cartable avec feuilles scell\u00e9es, l&rsquo;impression num\u00e9rique pleine couleur sur vinyle blanc ou pour les cartables c320 (avec anneaux ronds mont\u00e9s dans l&rsquo;\u00e9pine) et les c520 (pour les anneaux en D inclin\u00e9s mont\u00e9s en p3).<\/p>\n","protected":false},"featured_media":8975,"template":"","meta":[],"product_brand":[],"product_cat":[653],"product_tag":[],"industries":[665,649],"class_list":{"0":"post-15305","1":"product","2":"type-product","3":"status-publish","4":"has-post-thumbnail","6":"product_cat-cartables-et-onglets","7":"pa_quantity-25-fr","8":"pa_quantity-50-fr","9":"pa_quantity-100-fr","10":"pa_quantity-150-fr","11":"pa_quantity-250-fr","12":"pa_quantity-500-fr","13":"industries-education-fr","14":"industries-ventes-et-bureaux-professionnels","16":"first","17":"instock","18":"purchasable","19":"product-type-variable"},"_links":{"self":[{"href":"https:\/\/vinyform.com\/fr\/wp-json\/wp\/v2\/product\/15305","targetHints":{"allow":["GET"]}}],"collection":[{"href":"https:\/\/vinyform.com\/fr\/wp-json\/wp\/v2\/product"}],"about":[{"href":"https:\/\/vinyform.com\/fr\/wp-json\/wp\/v2\/types\/product"}],"version-history":[{"count":4,"href":"https:\/\/vinyform.com\/fr\/wp-json\/wp\/v2\/product\/15305\/revisions"}],"predecessor-version":[{"id":24645,"href":"https:\/\/vinyform.com\/fr\/wp-json\/wp\/v2\/product\/15305\/revisions\/24645"}],"wp:featuredmedia":[{"embeddable":true,"href":"https:\/\/vinyform.com\/fr\/wp-json\/wp\/v2\/media\/8975"}],"wp:attachment":[{"href":"https:\/\/vinyform.com\/fr\/wp-json\/wp\/v2\/media?parent=15305"}],"wp:term":[{"taxonomy":"product_brand","embeddable":true,"href":"https:\/\/vinyform.com\/fr\/wp-json\/wp\/v2\/product_brand?post=15305"},{"taxonomy":"product_cat","embeddable":true,"href":"https:\/\/vinyform.com\/fr\/wp-json\/wp\/v2\/product_cat?post=15305"},{"taxonomy":"product_tag","embeddable":true,"href":"https:\/\/vinyform.com\/fr\/wp-json\/wp\/v2\/product_tag?post=15305"},{"taxonomy":"industries","embeddable":true,"href":"https:\/\/vinyform.com\/fr\/wp-json\/wp\/v2\/industries?post=15305"}],"curies":[{"name":"wp","href":"https:\/\/api.w.org\/{rel}","templated":true}]}}