{"id":15341,"date":"2022-01-20T10:07:24","date_gmt":"2022-01-20T15:07:24","guid":{"rendered":"https:\/\/vinyform.com\/product\/cartable-en-cuir-synthetique-2-3-3-16-thickness\/"},"modified":"2026-04-14T13:43:22","modified_gmt":"2026-04-14T17:43:22","slug":"cartable-en-cuir-synthetique-2-3-3-16-thickness","status":"publish","type":"product","link":"https:\/\/vinyform.com\/fr\/produit\/cartable-en-cuir-synthetique-2-3-3-16-thickness\/","title":{"rendered":"Cartable en cuir synth\u00e9tique 2&Prime;"},"content":{"rendered":"<p>Ce cartable en cuir synth\u00e9tique a une capacit\u00e9 de 2&Prime; (dos de 3 3\/16&Prime;). Il est imperm\u00e9able et r\u00e9sistant au froid, \u00e0 la fois coll\u00e9 et cousu. Elle est dot\u00e9e de 3 anneaux en D inclin\u00e9s de qualit\u00e9 sup\u00e9rieure, d&rsquo;un m\u00e9canisme de d\u00e9clenchement et de 4 coins m\u00e9talliques dor\u00e9s ou argent\u00e9s qui ajoutent \u00e0 sa solidit\u00e9 et \u00e0 son attrait visuel. Inclut les options de pochettes int\u00e9rieures et les cartes de visite en page 2 (stylo non inclus \/ l&rsquo;option de pochettes montr\u00e9e est la #1).   <\/p>\n","protected":false},"excerpt":{"rendered":"<p>Cette cartable en cuir synth\u00e9tique a une capacit\u00e9 de 2&Prime; (dos de 3 3\/16&Prime;). Il est imperm\u00e9able et r\u00e9sistant au froid, \u00e0 la fois coll\u00e9 et cousu. Elle est dot\u00e9e de 3 anneaux en forme de D inclin\u00e9s de qualit\u00e9 sup\u00e9rieure, d&rsquo;un m\u00e9canisme de d\u00e9clenchement et de 4 coins m\u00e9talliques dor\u00e9s ou argent\u00e9s qui ajoutent \u00e0 sa solidit\u00e9 et \u00e0 son attrait visuel. Il comprend des poches int\u00e9rieures et des cartes de visite en page 2 (stylo non inclus).   <\/p>\n","protected":false},"featured_media":26231,"template":"","meta":[],"product_brand":[],"product_cat":[653],"product_tag":[],"industries":[649],"class_list":{"0":"post-15341","1":"product","2":"type-product","3":"status-publish","4":"has-post-thumbnail","6":"product_cat-cartables-et-onglets","7":"pa_quantity-75-fr","8":"pa_quantity-150-fr","9":"pa_quantity-250-fr","10":"pa_quantity-500-fr","11":"pa_quantity-1000-fr","12":"industries-ventes-et-bureaux-professionnels","14":"first","15":"instock","16":"purchasable","17":"product-type-variable"},"_links":{"self":[{"href":"https:\/\/vinyform.com\/fr\/wp-json\/wp\/v2\/product\/15341","targetHints":{"allow":["GET"]}}],"collection":[{"href":"https:\/\/vinyform.com\/fr\/wp-json\/wp\/v2\/product"}],"about":[{"href":"https:\/\/vinyform.com\/fr\/wp-json\/wp\/v2\/types\/product"}],"version-history":[{"count":3,"href":"https:\/\/vinyform.com\/fr\/wp-json\/wp\/v2\/product\/15341\/revisions"}],"predecessor-version":[{"id":26731,"href":"https:\/\/vinyform.com\/fr\/wp-json\/wp\/v2\/product\/15341\/revisions\/26731"}],"wp:featuredmedia":[{"embeddable":true,"href":"https:\/\/vinyform.com\/fr\/wp-json\/wp\/v2\/media\/26231"}],"wp:attachment":[{"href":"https:\/\/vinyform.com\/fr\/wp-json\/wp\/v2\/media?parent=15341"}],"wp:term":[{"taxonomy":"product_brand","embeddable":true,"href":"https:\/\/vinyform.com\/fr\/wp-json\/wp\/v2\/product_brand?post=15341"},{"taxonomy":"product_cat","embeddable":true,"href":"https:\/\/vinyform.com\/fr\/wp-json\/wp\/v2\/product_cat?post=15341"},{"taxonomy":"product_tag","embeddable":true,"href":"https:\/\/vinyform.com\/fr\/wp-json\/wp\/v2\/product_tag?post=15341"},{"taxonomy":"industries","embeddable":true,"href":"https:\/\/vinyform.com\/fr\/wp-json\/wp\/v2\/industries?post=15341"}],"curies":[{"name":"wp","href":"https:\/\/api.w.org\/{rel}","templated":true}]}}