{"id":15348,"date":"2022-01-20T10:07:37","date_gmt":"2022-01-20T15:07:37","guid":{"rendered":"https:\/\/vinyform.com\/product\/cartable-en-cuir-synthetique-2-1-2-3-5-8-thickness\/"},"modified":"2025-12-19T12:13:31","modified_gmt":"2025-12-19T17:13:31","slug":"cartable-en-cuir-synthetique-2-1-2-3-5-8-thickness","status":"publish","type":"product","link":"https:\/\/vinyform.com\/fr\/produit\/cartable-en-cuir-synthetique-2-1-2-3-5-8-thickness\/","title":{"rendered":"Cartable en cuir synth\u00e9tique 2 1\/2&Prime;"},"content":{"rendered":"","protected":false},"excerpt":{"rendered":"<p>Cartable en cuir synth\u00e9tique de luxe avec capacit\u00e9 de 2 1\/2&Prime; (\u00c9pine de 3 5\/8&Prime;). R\u00e9sistant \u00e0 l&rsquo;eau et au froid, reliure coll\u00e9e et cousue, trois anneaux en D inclin\u00e9s de qualit\u00e9 sup\u00e9rieure avec deux leviers \u00e0 loquet et fini de quatre coins m\u00e9talliques dor\u00e9s ou argents apportant solidit\u00e9 et belle apparence. Comprend des pochettes en page 2, pochette carte d&rsquo;affaire et pochette \u00e0 stylo (stylo non inclus)<\/p>\n","protected":false},"featured_media":26233,"template":"","meta":[],"product_brand":[],"product_cat":[653],"product_tag":[],"industries":[649],"class_list":{"0":"post-15348","1":"product","2":"type-product","3":"status-publish","4":"has-post-thumbnail","6":"product_cat-cartables-et-onglets","7":"pa_quantity-75-fr","8":"pa_quantity-150-fr","9":"pa_quantity-250-fr","10":"pa_quantity-500-fr","11":"pa_quantity-1000-fr","12":"industries-ventes-et-bureaux-professionnels","14":"first","15":"instock","16":"purchasable","17":"product-type-variable"},"_links":{"self":[{"href":"https:\/\/vinyform.com\/fr\/wp-json\/wp\/v2\/product\/15348","targetHints":{"allow":["GET"]}}],"collection":[{"href":"https:\/\/vinyform.com\/fr\/wp-json\/wp\/v2\/product"}],"about":[{"href":"https:\/\/vinyform.com\/fr\/wp-json\/wp\/v2\/types\/product"}],"version-history":[{"count":2,"href":"https:\/\/vinyform.com\/fr\/wp-json\/wp\/v2\/product\/15348\/revisions"}],"predecessor-version":[{"id":18140,"href":"https:\/\/vinyform.com\/fr\/wp-json\/wp\/v2\/product\/15348\/revisions\/18140"}],"wp:featuredmedia":[{"embeddable":true,"href":"https:\/\/vinyform.com\/fr\/wp-json\/wp\/v2\/media\/26233"}],"wp:attachment":[{"href":"https:\/\/vinyform.com\/fr\/wp-json\/wp\/v2\/media?parent=15348"}],"wp:term":[{"taxonomy":"product_brand","embeddable":true,"href":"https:\/\/vinyform.com\/fr\/wp-json\/wp\/v2\/product_brand?post=15348"},{"taxonomy":"product_cat","embeddable":true,"href":"https:\/\/vinyform.com\/fr\/wp-json\/wp\/v2\/product_cat?post=15348"},{"taxonomy":"product_tag","embeddable":true,"href":"https:\/\/vinyform.com\/fr\/wp-json\/wp\/v2\/product_tag?post=15348"},{"taxonomy":"industries","embeddable":true,"href":"https:\/\/vinyform.com\/fr\/wp-json\/wp\/v2\/industries?post=15348"}],"curies":[{"name":"wp","href":"https:\/\/api.w.org\/{rel}","templated":true}]}}