{"id":15362,"date":"2022-01-20T10:07:37","date_gmt":"2022-01-20T15:07:37","guid":{"rendered":"https:\/\/vinyform.com\/product\/cartable-de-presentation-de-luxe-en-cuirette-1-1-2\/"},"modified":"2024-04-03T10:56:04","modified_gmt":"2024-04-03T14:56:04","slug":"cartable-de-presentation-de-luxe-en-cuirette-1-1-2","status":"publish","type":"product","link":"https:\/\/vinyform.com\/fr\/produit\/cartable-de-presentation-de-luxe-en-cuirette-1-1-2\/","title":{"rendered":"Cartable de pr\u00e9sentation de luxe en cuirette 1 1\/2\u00a0\u00bb"},"content":{"rendered":"","protected":false},"excerpt":{"rendered":"<p>Le cartable de pr\u00e9sentation de luxe est fait de cuirette avec un coussinage ext\u00e9rieur complet, 4 coins m\u00e9talliques (Or ou argent selon vos go\u00fbts ou besoins) ainsi qu&rsquo;un gauffrage en creux, pour un look raffin\u00e9. Ils sont \u00e9quip\u00e9s d&rsquo;anneaux en D d&rsquo;une capacit\u00e9 de 1 1\/2&Prime;. Le m\u00e9canisme est fix\u00e9 \u00e0 la couverture arri\u00e8re ce qui permet une rotation plus fluide et un alignement parfait des feuilles. Le gauffrage creux est limit\u00e9 \u00e0 12 pouces carr\u00e9es et\/ou 6 pouces lin\u00e9aires.<\/p>\n","protected":false},"featured_media":9039,"template":"","meta":[],"product_brand":[],"product_cat":[653],"product_tag":[],"industries":[649],"class_list":{"0":"post-15362","1":"product","2":"type-product","3":"status-publish","4":"has-post-thumbnail","6":"product_cat-cartables-et-onglets","7":"pa_quantity-75-fr","8":"pa_quantity-100-fr","9":"pa_quantity-150-fr","10":"pa_quantity-250-fr","11":"pa_quantity-500-fr","12":"industries-ventes-et-bureaux-professionnels","14":"first","15":"instock","16":"purchasable","17":"product-type-variable"},"_links":{"self":[{"href":"https:\/\/vinyform.com\/fr\/wp-json\/wp\/v2\/product\/15362","targetHints":{"allow":["GET"]}}],"collection":[{"href":"https:\/\/vinyform.com\/fr\/wp-json\/wp\/v2\/product"}],"about":[{"href":"https:\/\/vinyform.com\/fr\/wp-json\/wp\/v2\/types\/product"}],"version-history":[{"count":4,"href":"https:\/\/vinyform.com\/fr\/wp-json\/wp\/v2\/product\/15362\/revisions"}],"predecessor-version":[{"id":24582,"href":"https:\/\/vinyform.com\/fr\/wp-json\/wp\/v2\/product\/15362\/revisions\/24582"}],"wp:featuredmedia":[{"embeddable":true,"href":"https:\/\/vinyform.com\/fr\/wp-json\/wp\/v2\/media\/9039"}],"wp:attachment":[{"href":"https:\/\/vinyform.com\/fr\/wp-json\/wp\/v2\/media?parent=15362"}],"wp:term":[{"taxonomy":"product_brand","embeddable":true,"href":"https:\/\/vinyform.com\/fr\/wp-json\/wp\/v2\/product_brand?post=15362"},{"taxonomy":"product_cat","embeddable":true,"href":"https:\/\/vinyform.com\/fr\/wp-json\/wp\/v2\/product_cat?post=15362"},{"taxonomy":"product_tag","embeddable":true,"href":"https:\/\/vinyform.com\/fr\/wp-json\/wp\/v2\/product_tag?post=15362"},{"taxonomy":"industries","embeddable":true,"href":"https:\/\/vinyform.com\/fr\/wp-json\/wp\/v2\/industries?post=15362"}],"curies":[{"name":"wp","href":"https:\/\/api.w.org\/{rel}","templated":true}]}}