{"id":15369,"date":"2022-01-20T10:07:37","date_gmt":"2022-01-20T15:07:37","guid":{"rendered":"https:\/\/vinyform.com\/product\/menu-de-restaurant\/"},"modified":"2025-12-11T14:04:52","modified_gmt":"2025-12-11T19:04:52","slug":"menu-de-restaurant","status":"publish","type":"product","link":"https:\/\/vinyform.com\/fr\/produit\/menu-de-restaurant\/","title":{"rendered":"Menu de restaurant"},"content":{"rendered":"","protected":false},"excerpt":{"rendered":"<p>Menu en suede 8 1\/2\u00a0\u00bb x 11\u00a0\u00bb comprenant 2 grandes pochettes claires avec l&rsquo;ouverture par le centre et 2 petits rabats clairs (1 3\/4\u00a0\u00bb) pour menu du jour \u00e0 l&rsquo;int\u00e9rieur de la couverture avant et arri\u00e8re. Une pochette double claire avec ouverture par le haut reli\u00e9e au centre pouvant contenir 4 pages de menus dod \u00e0 dos avec bande d\u00e9corative qui permet un choix de vinyle contrastant.<\/p>\n","protected":false},"featured_media":4287,"template":"","meta":[],"product_brand":[],"product_cat":[728],"product_tag":[1017],"industries":[654],"class_list":{"0":"post-15369","1":"product","2":"type-product","3":"status-publish","4":"has-post-thumbnail","6":"product_cat-menu-de-restaurant","7":"product_tag-elephant","8":"pa_quantity-25-fr","9":"pa_quantity-50-fr","10":"pa_quantity-100-fr","11":"pa_quantity-150-fr","12":"pa_quantity-250-fr","13":"industries-restaurants-et-hotellerie","15":"first","16":"instock","17":"purchasable","18":"product-type-variable"},"_links":{"self":[{"href":"https:\/\/vinyform.com\/fr\/wp-json\/wp\/v2\/product\/15369","targetHints":{"allow":["GET"]}}],"collection":[{"href":"https:\/\/vinyform.com\/fr\/wp-json\/wp\/v2\/product"}],"about":[{"href":"https:\/\/vinyform.com\/fr\/wp-json\/wp\/v2\/types\/product"}],"version-history":[{"count":2,"href":"https:\/\/vinyform.com\/fr\/wp-json\/wp\/v2\/product\/15369\/revisions"}],"predecessor-version":[{"id":18143,"href":"https:\/\/vinyform.com\/fr\/wp-json\/wp\/v2\/product\/15369\/revisions\/18143"}],"wp:featuredmedia":[{"embeddable":true,"href":"https:\/\/vinyform.com\/fr\/wp-json\/wp\/v2\/media\/4287"}],"wp:attachment":[{"href":"https:\/\/vinyform.com\/fr\/wp-json\/wp\/v2\/media?parent=15369"}],"wp:term":[{"taxonomy":"product_brand","embeddable":true,"href":"https:\/\/vinyform.com\/fr\/wp-json\/wp\/v2\/product_brand?post=15369"},{"taxonomy":"product_cat","embeddable":true,"href":"https:\/\/vinyform.com\/fr\/wp-json\/wp\/v2\/product_cat?post=15369"},{"taxonomy":"product_tag","embeddable":true,"href":"https:\/\/vinyform.com\/fr\/wp-json\/wp\/v2\/product_tag?post=15369"},{"taxonomy":"industries","embeddable":true,"href":"https:\/\/vinyform.com\/fr\/wp-json\/wp\/v2\/industries?post=15369"}],"curies":[{"name":"wp","href":"https:\/\/api.w.org\/{rel}","templated":true}]}}