{"id":15384,"date":"2022-01-20T10:07:51","date_gmt":"2022-01-20T15:07:51","guid":{"rendered":"https:\/\/vinyform.com\/product\/menu-de-restaurant-3\/"},"modified":"2024-01-16T15:56:51","modified_gmt":"2024-01-16T20:56:51","slug":"menu-de-restaurant-3","status":"publish","type":"product","link":"https:\/\/vinyform.com\/fr\/produit\/menu-de-restaurant-3\/","title":{"rendered":"Menu de restaurant"},"content":{"rendered":"","protected":false},"excerpt":{"rendered":"<p>Menu en suede 5 1\/2&Prime; x 8 1\/2&Prime; comprenant 2 grandes pochettes claires avec l&rsquo;ouverture par le centre et 2 petits rabats clairs (1 3\/4&Prime;) pour menu du jour \u00e0 l&rsquo;int\u00e9rieur de la couverture avant et arri\u00e8re. Une pochette double claire avec ouverture par le haut reli\u00e9e au centre pouvant contenir 4 pages de menus dod \u00e0 dos .<\/p>\n","protected":false},"featured_media":4304,"template":"","meta":[],"product_brand":[],"product_cat":[728],"product_tag":[],"industries":[654],"class_list":{"0":"post-15384","1":"product","2":"type-product","3":"status-publish","4":"has-post-thumbnail","6":"product_cat-menu-de-restaurant","7":"pa_dimensions-sheets-of-5-1-2-x-8-1-2-fr","8":"pa_quantity-25-fr","9":"pa_quantity-50-fr","10":"pa_quantity-100-fr","11":"industries-restaurants-et-hotellerie","13":"first","14":"instock","15":"purchasable","16":"product-type-variable"},"_links":{"self":[{"href":"https:\/\/vinyform.com\/fr\/wp-json\/wp\/v2\/product\/15384","targetHints":{"allow":["GET"]}}],"collection":[{"href":"https:\/\/vinyform.com\/fr\/wp-json\/wp\/v2\/product"}],"about":[{"href":"https:\/\/vinyform.com\/fr\/wp-json\/wp\/v2\/types\/product"}],"version-history":[{"count":2,"href":"https:\/\/vinyform.com\/fr\/wp-json\/wp\/v2\/product\/15384\/revisions"}],"predecessor-version":[{"id":18145,"href":"https:\/\/vinyform.com\/fr\/wp-json\/wp\/v2\/product\/15384\/revisions\/18145"}],"wp:featuredmedia":[{"embeddable":true,"href":"https:\/\/vinyform.com\/fr\/wp-json\/wp\/v2\/media\/4304"}],"wp:attachment":[{"href":"https:\/\/vinyform.com\/fr\/wp-json\/wp\/v2\/media?parent=15384"}],"wp:term":[{"taxonomy":"product_brand","embeddable":true,"href":"https:\/\/vinyform.com\/fr\/wp-json\/wp\/v2\/product_brand?post=15384"},{"taxonomy":"product_cat","embeddable":true,"href":"https:\/\/vinyform.com\/fr\/wp-json\/wp\/v2\/product_cat?post=15384"},{"taxonomy":"product_tag","embeddable":true,"href":"https:\/\/vinyform.com\/fr\/wp-json\/wp\/v2\/product_tag?post=15384"},{"taxonomy":"industries","embeddable":true,"href":"https:\/\/vinyform.com\/fr\/wp-json\/wp\/v2\/industries?post=15384"}],"curies":[{"name":"wp","href":"https:\/\/api.w.org\/{rel}","templated":true}]}}