{"id":15404,"date":"2022-01-20T10:08:03","date_gmt":"2022-01-20T15:08:03","guid":{"rendered":"https:\/\/vinyform.com\/product\/presentoire-de-facture\/"},"modified":"2023-06-29T08:47:56","modified_gmt":"2023-06-29T12:47:56","slug":"presentoire-de-facture","status":"publish","type":"product","link":"https:\/\/vinyform.com\/fr\/produit\/presentoire-de-facture\/","title":{"rendered":"pr\u00e9sentoire de facture"},"content":{"rendered":"","protected":false},"excerpt":{"rendered":"<p>Pr\u00e9sentoir de factures 5&Prime; x 10&Prime;, comprend 2 pochettes pour factures et 1 pochette pour carte de cr\u00e9dit.<\/p>\n","protected":false},"featured_media":4326,"template":"","meta":[],"product_brand":[],"product_cat":[728],"product_tag":[],"industries":[654],"class_list":{"0":"post-15404","1":"product","2":"type-product","3":"status-publish","4":"has-post-thumbnail","6":"product_cat-menu-de-restaurant","7":"pa_dimensions-closed-5-x-10-fr","8":"pa_quantity-50-fr","9":"pa_quantity-75-fr","10":"pa_quantity-100-fr","11":"pa_quantity-150-fr","12":"industries-restaurants-et-hotellerie","14":"first","15":"instock","16":"purchasable","17":"product-type-variable"},"_links":{"self":[{"href":"https:\/\/vinyform.com\/fr\/wp-json\/wp\/v2\/product\/15404","targetHints":{"allow":["GET"]}}],"collection":[{"href":"https:\/\/vinyform.com\/fr\/wp-json\/wp\/v2\/product"}],"about":[{"href":"https:\/\/vinyform.com\/fr\/wp-json\/wp\/v2\/types\/product"}],"version-history":[{"count":2,"href":"https:\/\/vinyform.com\/fr\/wp-json\/wp\/v2\/product\/15404\/revisions"}],"predecessor-version":[{"id":18146,"href":"https:\/\/vinyform.com\/fr\/wp-json\/wp\/v2\/product\/15404\/revisions\/18146"}],"wp:featuredmedia":[{"embeddable":true,"href":"https:\/\/vinyform.com\/fr\/wp-json\/wp\/v2\/media\/4326"}],"wp:attachment":[{"href":"https:\/\/vinyform.com\/fr\/wp-json\/wp\/v2\/media?parent=15404"}],"wp:term":[{"taxonomy":"product_brand","embeddable":true,"href":"https:\/\/vinyform.com\/fr\/wp-json\/wp\/v2\/product_brand?post=15404"},{"taxonomy":"product_cat","embeddable":true,"href":"https:\/\/vinyform.com\/fr\/wp-json\/wp\/v2\/product_cat?post=15404"},{"taxonomy":"product_tag","embeddable":true,"href":"https:\/\/vinyform.com\/fr\/wp-json\/wp\/v2\/product_tag?post=15404"},{"taxonomy":"industries","embeddable":true,"href":"https:\/\/vinyform.com\/fr\/wp-json\/wp\/v2\/industries?post=15404"}],"curies":[{"name":"wp","href":"https:\/\/api.w.org\/{rel}","templated":true}]}}