{"id":15417,"date":"2022-01-20T10:08:03","date_gmt":"2022-01-20T15:08:03","guid":{"rendered":"https:\/\/vinyform.com\/product\/cartable-dinformation-pour-chambre-dhotel-7-5x11\/"},"modified":"2023-06-29T08:48:00","modified_gmt":"2023-06-29T12:48:00","slug":"cartable-dinformation-pour-chambre-dhotel-7-5x11","status":"publish","type":"product","link":"https:\/\/vinyform.com\/fr\/produit\/cartable-dinformation-pour-chambre-dhotel-7-5x11\/","title":{"rendered":"cartable d&rsquo;information pour chambre d&rsquo;h\u00f4tel 7.5&Prime; x 11&Prime;"},"content":{"rendered":"","protected":false},"excerpt":{"rendered":"<p>Cartable d&rsquo;information \u00e0 3 anneaux ronds de 1\/2&Prime; de capacit\u00e9 pour feuille de 7.5&Prime; x 11&Prime; et assez grand pour y ins\u00e9rer des s\u00e9parateurs \u00e0 onglets.  Pochette claire \u00e0 l&rsquo;int\u00e9rieur de la couverture avant et arri\u00e8re (5&Prime;fini).<\/p>\n","protected":false},"featured_media":16717,"template":"","meta":[],"product_brand":[],"product_cat":[728],"product_tag":[],"industries":[654],"class_list":{"0":"post-15417","1":"product","2":"type-product","3":"status-publish","4":"has-post-thumbnail","6":"product_cat-menu-de-restaurant","7":"pa_quantity-50-fr","8":"pa_quantity-75-fr","9":"pa_quantity-100-fr","10":"pa_quantity-150-fr","11":"industries-restaurants-et-hotellerie","13":"first","14":"instock","15":"purchasable","16":"product-type-variable"},"_links":{"self":[{"href":"https:\/\/vinyform.com\/fr\/wp-json\/wp\/v2\/product\/15417","targetHints":{"allow":["GET"]}}],"collection":[{"href":"https:\/\/vinyform.com\/fr\/wp-json\/wp\/v2\/product"}],"about":[{"href":"https:\/\/vinyform.com\/fr\/wp-json\/wp\/v2\/types\/product"}],"version-history":[{"count":2,"href":"https:\/\/vinyform.com\/fr\/wp-json\/wp\/v2\/product\/15417\/revisions"}],"predecessor-version":[{"id":18147,"href":"https:\/\/vinyform.com\/fr\/wp-json\/wp\/v2\/product\/15417\/revisions\/18147"}],"wp:featuredmedia":[{"embeddable":true,"href":"https:\/\/vinyform.com\/fr\/wp-json\/wp\/v2\/media\/16717"}],"wp:attachment":[{"href":"https:\/\/vinyform.com\/fr\/wp-json\/wp\/v2\/media?parent=15417"}],"wp:term":[{"taxonomy":"product_brand","embeddable":true,"href":"https:\/\/vinyform.com\/fr\/wp-json\/wp\/v2\/product_brand?post=15417"},{"taxonomy":"product_cat","embeddable":true,"href":"https:\/\/vinyform.com\/fr\/wp-json\/wp\/v2\/product_cat?post=15417"},{"taxonomy":"product_tag","embeddable":true,"href":"https:\/\/vinyform.com\/fr\/wp-json\/wp\/v2\/product_tag?post=15417"},{"taxonomy":"industries","embeddable":true,"href":"https:\/\/vinyform.com\/fr\/wp-json\/wp\/v2\/industries?post=15417"}],"curies":[{"name":"wp","href":"https:\/\/api.w.org\/{rel}","templated":true}]}}