{"id":15448,"date":"2022-01-20T10:08:43","date_gmt":"2022-01-20T15:08:43","guid":{"rendered":"https:\/\/vinyform.com\/product\/etiquette-a-bagages-avec-boucle-de-vinyle\/"},"modified":"2023-06-29T08:48:18","modified_gmt":"2023-06-29T12:48:18","slug":"etiquette-a-bagages-avec-boucle-de-vinyle","status":"publish","type":"product","link":"https:\/\/vinyform.com\/fr\/produit\/etiquette-a-bagages-avec-boucle-de-vinyle\/","title":{"rendered":"\u00c9tiquette \u00e0 bagages avec boucle de vinyle"},"content":{"rendered":"","protected":false},"excerpt":{"rendered":"<p>\u00c9tiquette \u00e0 bagages. Un c\u00f4t\u00e9 opaque et un c\u00f4t\u00e9 transparent. Comprend une carte d&rsquo;identification non ins\u00e9r\u00e9e.<\/p>\n","protected":false},"featured_media":15487,"template":"","meta":[],"product_brand":[],"product_cat":[655],"product_tag":[],"industries":[656],"class_list":{"0":"post-15448","1":"product","2":"type-product","3":"status-publish","4":"has-post-thumbnail","6":"product_cat-enveloppes-et-pochettes","7":"pa_dimensions-2-1-4-x-8-fr","8":"pa_quantity-500-fr","9":"pa_quantity-1000-fr","10":"pa_quantity-2500-fr","11":"pa_quantity-5000-fr","12":"pa_quantity-10000-fr","13":"industries-voyage","15":"first","16":"instock","17":"purchasable","18":"product-type-variable"},"_links":{"self":[{"href":"https:\/\/vinyform.com\/fr\/wp-json\/wp\/v2\/product\/15448","targetHints":{"allow":["GET"]}}],"collection":[{"href":"https:\/\/vinyform.com\/fr\/wp-json\/wp\/v2\/product"}],"about":[{"href":"https:\/\/vinyform.com\/fr\/wp-json\/wp\/v2\/types\/product"}],"version-history":[{"count":34,"href":"https:\/\/vinyform.com\/fr\/wp-json\/wp\/v2\/product\/15448\/revisions"}],"predecessor-version":[{"id":19648,"href":"https:\/\/vinyform.com\/fr\/wp-json\/wp\/v2\/product\/15448\/revisions\/19648"}],"wp:featuredmedia":[{"embeddable":true,"href":"https:\/\/vinyform.com\/fr\/wp-json\/wp\/v2\/media\/15487"}],"wp:attachment":[{"href":"https:\/\/vinyform.com\/fr\/wp-json\/wp\/v2\/media?parent=15448"}],"wp:term":[{"taxonomy":"product_brand","embeddable":true,"href":"https:\/\/vinyform.com\/fr\/wp-json\/wp\/v2\/product_brand?post=15448"},{"taxonomy":"product_cat","embeddable":true,"href":"https:\/\/vinyform.com\/fr\/wp-json\/wp\/v2\/product_cat?post=15448"},{"taxonomy":"product_tag","embeddable":true,"href":"https:\/\/vinyform.com\/fr\/wp-json\/wp\/v2\/product_tag?post=15448"},{"taxonomy":"industries","embeddable":true,"href":"https:\/\/vinyform.com\/fr\/wp-json\/wp\/v2\/industries?post=15448"}],"curies":[{"name":"wp","href":"https:\/\/api.w.org\/{rel}","templated":true}]}}