{"id":15462,"date":"2022-01-20T10:08:16","date_gmt":"2022-01-20T15:08:16","guid":{"rendered":"https:\/\/vinyform.com\/product\/etui-a-passeport-2\/"},"modified":"2023-06-29T08:48:09","modified_gmt":"2023-06-29T12:48:09","slug":"etui-a-passeport-2","status":"publish","type":"product","link":"https:\/\/vinyform.com\/fr\/produit\/etui-a-passeport-2\/","title":{"rendered":"\u00c9tui \u00e0 passeport"},"content":{"rendered":"","protected":false},"excerpt":{"rendered":"<p>\u00c9tui \u00e0 passeport: comprend une grande pochette transparente en page 2 et 2 pochettes transparentes en page 3, pour le passeport et une carte.<\/p>\n","protected":false},"featured_media":4399,"template":"","meta":[],"product_brand":[],"product_cat":[657],"product_tag":[],"industries":[656],"class_list":{"0":"post-15462","1":"product","2":"type-product","3":"status-publish","4":"has-post-thumbnail","6":"product_cat-portes-documents","7":"pa_dimensions-closed-9-1-8-x-4-1-2-fr","8":"pa_quantity-250-fr","9":"pa_quantity-500-fr","10":"pa_quantity-1000-fr","11":"pa_quantity-2500-fr","12":"pa_quantity-5000-fr","13":"industries-voyage","15":"first","16":"instock","17":"purchasable","18":"product-type-variable"},"_links":{"self":[{"href":"https:\/\/vinyform.com\/fr\/wp-json\/wp\/v2\/product\/15462","targetHints":{"allow":["GET"]}}],"collection":[{"href":"https:\/\/vinyform.com\/fr\/wp-json\/wp\/v2\/product"}],"about":[{"href":"https:\/\/vinyform.com\/fr\/wp-json\/wp\/v2\/types\/product"}],"version-history":[{"count":1,"href":"https:\/\/vinyform.com\/fr\/wp-json\/wp\/v2\/product\/15462\/revisions"}],"predecessor-version":[{"id":15463,"href":"https:\/\/vinyform.com\/fr\/wp-json\/wp\/v2\/product\/15462\/revisions\/15463"}],"wp:featuredmedia":[{"embeddable":true,"href":"https:\/\/vinyform.com\/fr\/wp-json\/wp\/v2\/media\/4399"}],"wp:attachment":[{"href":"https:\/\/vinyform.com\/fr\/wp-json\/wp\/v2\/media?parent=15462"}],"wp:term":[{"taxonomy":"product_brand","embeddable":true,"href":"https:\/\/vinyform.com\/fr\/wp-json\/wp\/v2\/product_brand?post=15462"},{"taxonomy":"product_cat","embeddable":true,"href":"https:\/\/vinyform.com\/fr\/wp-json\/wp\/v2\/product_cat?post=15462"},{"taxonomy":"product_tag","embeddable":true,"href":"https:\/\/vinyform.com\/fr\/wp-json\/wp\/v2\/product_tag?post=15462"},{"taxonomy":"industries","embeddable":true,"href":"https:\/\/vinyform.com\/fr\/wp-json\/wp\/v2\/industries?post=15462"}],"curies":[{"name":"wp","href":"https:\/\/api.w.org\/{rel}","templated":true}]}}