{"id":15470,"date":"2022-01-20T10:08:30","date_gmt":"2022-01-20T15:08:30","guid":{"rendered":"https:\/\/vinyform.com\/product\/etui-voyageur-de-luxe-cuir-synthetique-avec-couture\/"},"modified":"2023-06-29T08:48:10","modified_gmt":"2023-06-29T12:48:10","slug":"etui-voyageur-de-luxe-cuir-synthetique-avec-couture","status":"publish","type":"product","link":"https:\/\/vinyform.com\/fr\/produit\/etui-voyageur-de-luxe-cuir-synthetique-avec-couture\/","title":{"rendered":"\u00c9tui voyageur de luxe"},"content":{"rendered":"","protected":false},"excerpt":{"rendered":"<p>\u00c9tui voyageur de luxe. Fabriqu\u00e9 de cuir synth\u00e9tique et fini d&rsquo;un point de couture, ses nombreuses pochettes peuvent contenir passeport, billets, cartes d&rsquo;affaires. Un coulant \u00e0 stylo compl\u00e8te le tout. (stylo non inclus)<\/p>\n","protected":false},"featured_media":16734,"template":"","meta":[],"product_brand":[],"product_cat":[657],"product_tag":[],"industries":[656],"class_list":{"0":"post-15470","1":"product","2":"type-product","3":"status-publish","4":"has-post-thumbnail","6":"product_cat-portes-documents","7":"pa_dimensions-closed-9-1-2-x-5-fr","8":"pa_quantity-75-fr","9":"pa_quantity-150-fr","10":"pa_quantity-250-fr","11":"pa_quantity-500-fr","12":"pa_quantity-1000-fr","13":"industries-voyage","15":"first","16":"instock","17":"purchasable","18":"product-type-variable"},"_links":{"self":[{"href":"https:\/\/vinyform.com\/fr\/wp-json\/wp\/v2\/product\/15470","targetHints":{"allow":["GET"]}}],"collection":[{"href":"https:\/\/vinyform.com\/fr\/wp-json\/wp\/v2\/product"}],"about":[{"href":"https:\/\/vinyform.com\/fr\/wp-json\/wp\/v2\/types\/product"}],"version-history":[{"count":2,"href":"https:\/\/vinyform.com\/fr\/wp-json\/wp\/v2\/product\/15470\/revisions"}],"predecessor-version":[{"id":18154,"href":"https:\/\/vinyform.com\/fr\/wp-json\/wp\/v2\/product\/15470\/revisions\/18154"}],"wp:featuredmedia":[{"embeddable":true,"href":"https:\/\/vinyform.com\/fr\/wp-json\/wp\/v2\/media\/16734"}],"wp:attachment":[{"href":"https:\/\/vinyform.com\/fr\/wp-json\/wp\/v2\/media?parent=15470"}],"wp:term":[{"taxonomy":"product_brand","embeddable":true,"href":"https:\/\/vinyform.com\/fr\/wp-json\/wp\/v2\/product_brand?post=15470"},{"taxonomy":"product_cat","embeddable":true,"href":"https:\/\/vinyform.com\/fr\/wp-json\/wp\/v2\/product_cat?post=15470"},{"taxonomy":"product_tag","embeddable":true,"href":"https:\/\/vinyform.com\/fr\/wp-json\/wp\/v2\/product_tag?post=15470"},{"taxonomy":"industries","embeddable":true,"href":"https:\/\/vinyform.com\/fr\/wp-json\/wp\/v2\/industries?post=15470"}],"curies":[{"name":"wp","href":"https:\/\/api.w.org\/{rel}","templated":true}]}}