{"id":15498,"date":"2022-01-20T10:08:43","date_gmt":"2022-01-20T15:08:43","guid":{"rendered":"https:\/\/vinyform.com\/product\/etui-simple-pour-police-dassurance\/"},"modified":"2026-01-22T09:33:14","modified_gmt":"2026-01-22T14:33:14","slug":"etui-simple-pour-police-dassurance","status":"publish","type":"product","link":"https:\/\/vinyform.com\/fr\/produit\/etui-simple-pour-police-dassurance\/","title":{"rendered":"\u00c9tui simple pour police d\u2019assurance"},"content":{"rendered":"<p>\u00c9tui pour police d\u2019assurance: Pochette de vinyle dont un c\u00f4t\u00e9 transparent permet de voir les documents et le c\u00f4t\u00e9 opaque permet l\u2019impression.<\/p>\n","protected":false},"excerpt":{"rendered":"<p>\u00c9tui pour police d\u2019assurance: Pochette de vinyle dont un c\u00f4t\u00e9 transparent permet de voir les documents et le c\u00f4t\u00e9 opaque permet l\u2019impression. Zone d&rsquo;impression 12 po2 maximum. (plus long que 5 3\/4po causera une impression in\u00e9gale).<\/p>\n","protected":false},"featured_media":4435,"template":"","meta":[],"product_brand":[],"product_cat":[657],"product_tag":[],"industries":[650],"class_list":{"0":"post-15498","1":"product","2":"type-product","3":"status-publish","4":"has-post-thumbnail","6":"product_cat-portes-documents","7":"pa_quantity-250-fr","8":"pa_quantity-500-fr","9":"pa_quantity-1000-fr","10":"pa_quantity-2500-fr","11":"pa_quantity-5000-fr","12":"industries-assurance","14":"first","15":"instock","16":"purchasable","17":"product-type-variable"},"_links":{"self":[{"href":"https:\/\/vinyform.com\/fr\/wp-json\/wp\/v2\/product\/15498","targetHints":{"allow":["GET"]}}],"collection":[{"href":"https:\/\/vinyform.com\/fr\/wp-json\/wp\/v2\/product"}],"about":[{"href":"https:\/\/vinyform.com\/fr\/wp-json\/wp\/v2\/types\/product"}],"version-history":[{"count":3,"href":"https:\/\/vinyform.com\/fr\/wp-json\/wp\/v2\/product\/15498\/revisions"}],"predecessor-version":[{"id":24274,"href":"https:\/\/vinyform.com\/fr\/wp-json\/wp\/v2\/product\/15498\/revisions\/24274"}],"wp:featuredmedia":[{"embeddable":true,"href":"https:\/\/vinyform.com\/fr\/wp-json\/wp\/v2\/media\/4435"}],"wp:attachment":[{"href":"https:\/\/vinyform.com\/fr\/wp-json\/wp\/v2\/media?parent=15498"}],"wp:term":[{"taxonomy":"product_brand","embeddable":true,"href":"https:\/\/vinyform.com\/fr\/wp-json\/wp\/v2\/product_brand?post=15498"},{"taxonomy":"product_cat","embeddable":true,"href":"https:\/\/vinyform.com\/fr\/wp-json\/wp\/v2\/product_cat?post=15498"},{"taxonomy":"product_tag","embeddable":true,"href":"https:\/\/vinyform.com\/fr\/wp-json\/wp\/v2\/product_tag?post=15498"},{"taxonomy":"industries","embeddable":true,"href":"https:\/\/vinyform.com\/fr\/wp-json\/wp\/v2\/industries?post=15498"}],"curies":[{"name":"wp","href":"https:\/\/api.w.org\/{rel}","templated":true}]}}