{"id":15506,"date":"2022-01-20T10:08:55","date_gmt":"2022-01-20T15:08:55","guid":{"rendered":"https:\/\/vinyform.com\/product\/etui-multi-usage\/"},"modified":"2023-06-29T08:48:26","modified_gmt":"2023-06-29T12:48:26","slug":"etui-multi-usage","status":"publish","type":"product","link":"https:\/\/vinyform.com\/fr\/produit\/etui-multi-usage\/","title":{"rendered":"\u00c9tui multi-usage"},"content":{"rendered":"","protected":false},"excerpt":{"rendered":"<p>\u00c9tui multi-usage: comprend 2 pochettes transparentes. Ferm\u00e9: 4 1\/2&Prime; x 9 1\/8&Prime;<\/p>\n","protected":false},"featured_media":16742,"template":"","meta":[],"product_brand":[],"product_cat":[657],"product_tag":[],"industries":[650],"class_list":{"0":"post-15506","1":"product","2":"type-product","3":"status-publish","4":"has-post-thumbnail","6":"product_cat-portes-documents","7":"pa_dimensions-closed-4-1-2-x-9-1-8-fr","8":"pa_quantity-250-fr","9":"pa_quantity-500-fr","10":"pa_quantity-1000-fr","11":"pa_quantity-2500-fr","12":"pa_quantity-5000-fr","13":"industries-assurance","15":"first","16":"instock","17":"purchasable","18":"product-type-variable"},"_links":{"self":[{"href":"https:\/\/vinyform.com\/fr\/wp-json\/wp\/v2\/product\/15506","targetHints":{"allow":["GET"]}}],"collection":[{"href":"https:\/\/vinyform.com\/fr\/wp-json\/wp\/v2\/product"}],"about":[{"href":"https:\/\/vinyform.com\/fr\/wp-json\/wp\/v2\/types\/product"}],"version-history":[{"count":2,"href":"https:\/\/vinyform.com\/fr\/wp-json\/wp\/v2\/product\/15506\/revisions"}],"predecessor-version":[{"id":18158,"href":"https:\/\/vinyform.com\/fr\/wp-json\/wp\/v2\/product\/15506\/revisions\/18158"}],"wp:featuredmedia":[{"embeddable":true,"href":"https:\/\/vinyform.com\/fr\/wp-json\/wp\/v2\/media\/16742"}],"wp:attachment":[{"href":"https:\/\/vinyform.com\/fr\/wp-json\/wp\/v2\/media?parent=15506"}],"wp:term":[{"taxonomy":"product_brand","embeddable":true,"href":"https:\/\/vinyform.com\/fr\/wp-json\/wp\/v2\/product_brand?post=15506"},{"taxonomy":"product_cat","embeddable":true,"href":"https:\/\/vinyform.com\/fr\/wp-json\/wp\/v2\/product_cat?post=15506"},{"taxonomy":"product_tag","embeddable":true,"href":"https:\/\/vinyform.com\/fr\/wp-json\/wp\/v2\/product_tag?post=15506"},{"taxonomy":"industries","embeddable":true,"href":"https:\/\/vinyform.com\/fr\/wp-json\/wp\/v2\/industries?post=15506"}],"curies":[{"name":"wp","href":"https:\/\/api.w.org\/{rel}","templated":true}]}}