{"id":15549,"date":"2022-01-20T10:11:34","date_gmt":"2022-01-20T15:11:34","guid":{"rendered":"https:\/\/vinyform.com\/product\/porte-documents-a-glissiere\/"},"modified":"2025-03-19T14:34:36","modified_gmt":"2025-03-19T18:34:36","slug":"porte-documents-a-glissiere","status":"publish","type":"product","link":"https:\/\/vinyform.com\/fr\/produit\/porte-documents-a-glissiere\/","title":{"rendered":"Porte-documents sous l&rsquo;aisselle avec fermeture \u00e0 glissi\u00e8re"},"content":{"rendered":"","protected":false},"excerpt":{"rendered":"<p>Porte-documents sous le bras avec fermeture \u00e9clair : format l\u00e9gal. Le carton de support et la pochette pour cartes de visite sont optionnels. <\/p>\n","protected":false},"featured_media":13933,"template":"","meta":[],"product_brand":[],"product_cat":[657],"product_tag":[],"industries":[650,701,658,649],"class_list":{"0":"post-15549","1":"product","2":"type-product","3":"status-publish","4":"has-post-thumbnail","6":"product_cat-portes-documents","7":"pa_quantity-100-fr","8":"pa_quantity-150-fr","9":"pa_quantity-250-fr","10":"pa_quantity-500-fr","11":"pa_quantity-1000-fr","12":"industries-assurance","13":"industries-institutions-financieres","14":"industries-salons-funeraires","15":"industries-ventes-et-bureaux-professionnels","17":"first","18":"instock","19":"purchasable","20":"product-type-variable"},"_links":{"self":[{"href":"https:\/\/vinyform.com\/fr\/wp-json\/wp\/v2\/product\/15549","targetHints":{"allow":["GET"]}}],"collection":[{"href":"https:\/\/vinyform.com\/fr\/wp-json\/wp\/v2\/product"}],"about":[{"href":"https:\/\/vinyform.com\/fr\/wp-json\/wp\/v2\/types\/product"}],"version-history":[{"count":47,"href":"https:\/\/vinyform.com\/fr\/wp-json\/wp\/v2\/product\/15549\/revisions"}],"predecessor-version":[{"id":25142,"href":"https:\/\/vinyform.com\/fr\/wp-json\/wp\/v2\/product\/15549\/revisions\/25142"}],"wp:featuredmedia":[{"embeddable":true,"href":"https:\/\/vinyform.com\/fr\/wp-json\/wp\/v2\/media\/13933"}],"wp:attachment":[{"href":"https:\/\/vinyform.com\/fr\/wp-json\/wp\/v2\/media?parent=15549"}],"wp:term":[{"taxonomy":"product_brand","embeddable":true,"href":"https:\/\/vinyform.com\/fr\/wp-json\/wp\/v2\/product_brand?post=15549"},{"taxonomy":"product_cat","embeddable":true,"href":"https:\/\/vinyform.com\/fr\/wp-json\/wp\/v2\/product_cat?post=15549"},{"taxonomy":"product_tag","embeddable":true,"href":"https:\/\/vinyform.com\/fr\/wp-json\/wp\/v2\/product_tag?post=15549"},{"taxonomy":"industries","embeddable":true,"href":"https:\/\/vinyform.com\/fr\/wp-json\/wp\/v2\/industries?post=15549"}],"curies":[{"name":"wp","href":"https:\/\/api.w.org\/{rel}","templated":true}]}}