{"id":15556,"date":"2022-01-20T10:09:19","date_gmt":"2022-01-20T15:09:19","guid":{"rendered":"https:\/\/vinyform.com\/product\/porte-document-funeraire\/"},"modified":"2023-06-29T08:48:44","modified_gmt":"2023-06-29T12:48:44","slug":"porte-document-funeraire","status":"publish","type":"product","link":"https:\/\/vinyform.com\/fr\/produit\/porte-document-funeraire\/","title":{"rendered":"Porte-document fun\u00e9raire"},"content":{"rendered":"","protected":false},"excerpt":{"rendered":"<p>Porte-documents fun\u00e9raire: couverture rigide de 3 volets avec 4 grandes et 4 petites pochettes transparentes givr\u00e9es, une pochette diagonale \u00e0 l&rsquo;int\u00e9rieur de la couverture, fermoir velcro ajustable, pochette cartes d&rsquo;affaires en coin sous le rabat. Aussi disponible en cuirette: PLX-8270<\/p>\n","protected":false},"featured_media":4505,"template":"","meta":[],"product_brand":[],"product_cat":[657],"product_tag":[],"industries":[658],"class_list":{"0":"post-15556","1":"product","2":"type-product","3":"status-publish","4":"has-post-thumbnail","6":"product_cat-portes-documents","7":"pa_dimensions-closed-9-3-4-x-11-1-2-fr","8":"pa_quantity-75-fr","9":"pa_quantity-150-fr","10":"pa_quantity-250-fr","11":"pa_quantity-500-fr","12":"pa_quantity-1000-fr","13":"industries-salons-funeraires","15":"first","16":"instock","17":"purchasable","18":"product-type-variable"},"_links":{"self":[{"href":"https:\/\/vinyform.com\/fr\/wp-json\/wp\/v2\/product\/15556","targetHints":{"allow":["GET"]}}],"collection":[{"href":"https:\/\/vinyform.com\/fr\/wp-json\/wp\/v2\/product"}],"about":[{"href":"https:\/\/vinyform.com\/fr\/wp-json\/wp\/v2\/types\/product"}],"version-history":[{"count":1,"href":"https:\/\/vinyform.com\/fr\/wp-json\/wp\/v2\/product\/15556\/revisions"}],"predecessor-version":[{"id":15557,"href":"https:\/\/vinyform.com\/fr\/wp-json\/wp\/v2\/product\/15556\/revisions\/15557"}],"wp:featuredmedia":[{"embeddable":true,"href":"https:\/\/vinyform.com\/fr\/wp-json\/wp\/v2\/media\/4505"}],"wp:attachment":[{"href":"https:\/\/vinyform.com\/fr\/wp-json\/wp\/v2\/media?parent=15556"}],"wp:term":[{"taxonomy":"product_brand","embeddable":true,"href":"https:\/\/vinyform.com\/fr\/wp-json\/wp\/v2\/product_brand?post=15556"},{"taxonomy":"product_cat","embeddable":true,"href":"https:\/\/vinyform.com\/fr\/wp-json\/wp\/v2\/product_cat?post=15556"},{"taxonomy":"product_tag","embeddable":true,"href":"https:\/\/vinyform.com\/fr\/wp-json\/wp\/v2\/product_tag?post=15556"},{"taxonomy":"industries","embeddable":true,"href":"https:\/\/vinyform.com\/fr\/wp-json\/wp\/v2\/industries?post=15556"}],"curies":[{"name":"wp","href":"https:\/\/api.w.org\/{rel}","templated":true}]}}