{"id":15593,"date":"2022-01-20T10:09:32","date_gmt":"2022-01-20T15:09:32","guid":{"rendered":"https:\/\/vinyform.com\/product\/pochette-format-lettre-pliee-2\/"},"modified":"2023-06-29T08:48:57","modified_gmt":"2023-06-29T12:48:57","slug":"pochette-format-lettre-pliee-2","status":"publish","type":"product","link":"https:\/\/vinyform.com\/fr\/produit\/pochette-format-lettre-pliee-2\/","title":{"rendered":"Pochette format lettre pli\u00e9e"},"content":{"rendered":"","protected":false},"excerpt":{"rendered":"<p>Prot\u00e8ge-documents avec rabat et ganse. Format lettre pli\u00e9e.<\/p>\n","protected":false},"featured_media":4550,"template":"","meta":[],"product_brand":[],"product_cat":[655],"product_tag":[],"industries":[649],"class_list":{"0":"post-15593","1":"product","2":"type-product","3":"status-publish","4":"has-post-thumbnail","6":"product_cat-enveloppes-et-pochettes","7":"pa_dimensions-closed-5-x-9-fr","8":"pa_quantity-150-fr","9":"pa_quantity-250-fr","10":"pa_quantity-500-fr","11":"pa_quantity-1000-fr","12":"pa_quantity-2500-fr","13":"industries-ventes-et-bureaux-professionnels","15":"first","16":"instock","17":"purchasable","18":"product-type-variable"},"_links":{"self":[{"href":"https:\/\/vinyform.com\/fr\/wp-json\/wp\/v2\/product\/15593","targetHints":{"allow":["GET"]}}],"collection":[{"href":"https:\/\/vinyform.com\/fr\/wp-json\/wp\/v2\/product"}],"about":[{"href":"https:\/\/vinyform.com\/fr\/wp-json\/wp\/v2\/types\/product"}],"version-history":[{"count":1,"href":"https:\/\/vinyform.com\/fr\/wp-json\/wp\/v2\/product\/15593\/revisions"}],"predecessor-version":[{"id":15594,"href":"https:\/\/vinyform.com\/fr\/wp-json\/wp\/v2\/product\/15593\/revisions\/15594"}],"wp:featuredmedia":[{"embeddable":true,"href":"https:\/\/vinyform.com\/fr\/wp-json\/wp\/v2\/media\/4550"}],"wp:attachment":[{"href":"https:\/\/vinyform.com\/fr\/wp-json\/wp\/v2\/media?parent=15593"}],"wp:term":[{"taxonomy":"product_brand","embeddable":true,"href":"https:\/\/vinyform.com\/fr\/wp-json\/wp\/v2\/product_brand?post=15593"},{"taxonomy":"product_cat","embeddable":true,"href":"https:\/\/vinyform.com\/fr\/wp-json\/wp\/v2\/product_cat?post=15593"},{"taxonomy":"product_tag","embeddable":true,"href":"https:\/\/vinyform.com\/fr\/wp-json\/wp\/v2\/product_tag?post=15593"},{"taxonomy":"industries","embeddable":true,"href":"https:\/\/vinyform.com\/fr\/wp-json\/wp\/v2\/industries?post=15593"}],"curies":[{"name":"wp","href":"https:\/\/api.w.org\/{rel}","templated":true}]}}