{"id":15682,"date":"2022-01-20T10:10:28","date_gmt":"2022-01-20T15:10:28","guid":{"rendered":"https:\/\/vinyform.com\/product\/etui-pour-cartes-daffaires\/"},"modified":"2023-06-29T08:49:24","modified_gmt":"2023-06-29T12:49:24","slug":"etui-pour-cartes-daffaires","status":"publish","type":"product","link":"https:\/\/vinyform.com\/fr\/produit\/etui-pour-cartes-daffaires\/","title":{"rendered":"\u00c9tui pour cartes d&rsquo;affaires"},"content":{"rendered":"","protected":false},"excerpt":{"rendered":"<p>\u00c9tui pour carte d&rsquo;affaires: comprend 2 pochettes transparentes \u00e0 l&rsquo;int\u00e9rieur.<\/p>\n","protected":false},"featured_media":16799,"template":"","meta":[],"product_brand":[],"product_cat":[648],"product_tag":[],"industries":[649],"class_list":{"0":"post-15682","1":"product","2":"type-product","3":"status-publish","4":"has-post-thumbnail","6":"product_cat-portes-cartes-et-porte-permis","7":"pa_dimensions-closed-4-x-2-3-8-fr","8":"pa_quantity-500-fr","9":"pa_quantity-1000-fr","10":"pa_quantity-2500-fr","11":"pa_quantity-5000-fr","12":"pa_quantity-10000-fr","13":"industries-ventes-et-bureaux-professionnels","15":"first","16":"instock","17":"purchasable","18":"product-type-variable"},"_links":{"self":[{"href":"https:\/\/vinyform.com\/fr\/wp-json\/wp\/v2\/product\/15682","targetHints":{"allow":["GET"]}}],"collection":[{"href":"https:\/\/vinyform.com\/fr\/wp-json\/wp\/v2\/product"}],"about":[{"href":"https:\/\/vinyform.com\/fr\/wp-json\/wp\/v2\/types\/product"}],"version-history":[{"count":1,"href":"https:\/\/vinyform.com\/fr\/wp-json\/wp\/v2\/product\/15682\/revisions"}],"predecessor-version":[{"id":15683,"href":"https:\/\/vinyform.com\/fr\/wp-json\/wp\/v2\/product\/15682\/revisions\/15683"}],"wp:featuredmedia":[{"embeddable":true,"href":"https:\/\/vinyform.com\/fr\/wp-json\/wp\/v2\/media\/16799"}],"wp:attachment":[{"href":"https:\/\/vinyform.com\/fr\/wp-json\/wp\/v2\/media?parent=15682"}],"wp:term":[{"taxonomy":"product_brand","embeddable":true,"href":"https:\/\/vinyform.com\/fr\/wp-json\/wp\/v2\/product_brand?post=15682"},{"taxonomy":"product_cat","embeddable":true,"href":"https:\/\/vinyform.com\/fr\/wp-json\/wp\/v2\/product_cat?post=15682"},{"taxonomy":"product_tag","embeddable":true,"href":"https:\/\/vinyform.com\/fr\/wp-json\/wp\/v2\/product_tag?post=15682"},{"taxonomy":"industries","embeddable":true,"href":"https:\/\/vinyform.com\/fr\/wp-json\/wp\/v2\/industries?post=15682"}],"curies":[{"name":"wp","href":"https:\/\/api.w.org\/{rel}","templated":true}]}}