{"id":15704,"date":"2022-01-20T10:10:42","date_gmt":"2022-01-20T15:10:42","guid":{"rendered":"https:\/\/vinyform.com\/product\/etui-souple-pour-carte-de-guichet\/"},"modified":"2023-06-29T08:49:30","modified_gmt":"2023-06-29T12:49:30","slug":"etui-souple-pour-carte-de-guichet","status":"publish","type":"product","link":"https:\/\/vinyform.com\/fr\/produit\/etui-souple-pour-carte-de-guichet\/","title":{"rendered":"\u00c9tui souple pour carte de guichet"},"content":{"rendered":"","protected":false},"excerpt":{"rendered":"<p>\u00c9tui souple pour carte de guichet: fait de vinyle souple ouverture sur le c\u00f4t\u00e9 court  avec prise de doigt. Vinyle clair en option.<\/p>\n","protected":false},"featured_media":4685,"template":"","meta":[],"product_brand":[],"product_cat":[648],"product_tag":[],"industries":[649],"class_list":{"0":"post-15704","1":"product","2":"type-product","3":"status-publish","4":"has-post-thumbnail","6":"product_cat-portes-cartes-et-porte-permis","7":"pa_dimensions-closed-2-3-8-x-3-1-2-fr","8":"pa_quantity-500-fr","9":"pa_quantity-1000-fr","10":"pa_quantity-2500-fr","11":"pa_quantity-5000-fr","12":"pa_quantity-10000-fr","13":"industries-ventes-et-bureaux-professionnels","15":"first","16":"instock","17":"purchasable","18":"product-type-variable"},"_links":{"self":[{"href":"https:\/\/vinyform.com\/fr\/wp-json\/wp\/v2\/product\/15704","targetHints":{"allow":["GET"]}}],"collection":[{"href":"https:\/\/vinyform.com\/fr\/wp-json\/wp\/v2\/product"}],"about":[{"href":"https:\/\/vinyform.com\/fr\/wp-json\/wp\/v2\/types\/product"}],"version-history":[{"count":1,"href":"https:\/\/vinyform.com\/fr\/wp-json\/wp\/v2\/product\/15704\/revisions"}],"predecessor-version":[{"id":15705,"href":"https:\/\/vinyform.com\/fr\/wp-json\/wp\/v2\/product\/15704\/revisions\/15705"}],"wp:featuredmedia":[{"embeddable":true,"href":"https:\/\/vinyform.com\/fr\/wp-json\/wp\/v2\/media\/4685"}],"wp:attachment":[{"href":"https:\/\/vinyform.com\/fr\/wp-json\/wp\/v2\/media?parent=15704"}],"wp:term":[{"taxonomy":"product_brand","embeddable":true,"href":"https:\/\/vinyform.com\/fr\/wp-json\/wp\/v2\/product_brand?post=15704"},{"taxonomy":"product_cat","embeddable":true,"href":"https:\/\/vinyform.com\/fr\/wp-json\/wp\/v2\/product_cat?post=15704"},{"taxonomy":"product_tag","embeddable":true,"href":"https:\/\/vinyform.com\/fr\/wp-json\/wp\/v2\/product_tag?post=15704"},{"taxonomy":"industries","embeddable":true,"href":"https:\/\/vinyform.com\/fr\/wp-json\/wp\/v2\/industries?post=15704"}],"curies":[{"name":"wp","href":"https:\/\/api.w.org\/{rel}","templated":true}]}}