{"id":15712,"date":"2022-01-20T10:10:42","date_gmt":"2022-01-20T15:10:42","guid":{"rendered":"https:\/\/vinyform.com\/product\/etui-pour-carte-medicale\/"},"modified":"2023-06-29T08:49:32","modified_gmt":"2023-06-29T12:49:32","slug":"etui-pour-carte-medicale","status":"publish","type":"product","link":"https:\/\/vinyform.com\/fr\/produit\/etui-pour-carte-medicale\/","title":{"rendered":"\u00c9tui pour carte m\u00e9dicale"},"content":{"rendered":"","protected":false},"excerpt":{"rendered":"<p>\u00c9tui pour carte m\u00e9dicale: pochette claire, ouverture sur le c\u00f4t\u00e9 court avec prise de doigt.<\/p>\n","protected":false},"featured_media":4694,"template":"","meta":[],"product_brand":[],"product_cat":[648],"product_tag":[],"industries":[649],"class_list":{"0":"post-15712","1":"product","2":"type-product","3":"status-publish","4":"has-post-thumbnail","6":"product_cat-portes-cartes-et-porte-permis","7":"pa_dimensions-closed-3-3-4-x-2-3-8-fr","8":"pa_quantity-500-fr","9":"pa_quantity-1000-fr","10":"pa_quantity-2500-fr","11":"pa_quantity-5000-fr","12":"pa_quantity-10000-fr","13":"industries-ventes-et-bureaux-professionnels","15":"first","16":"instock","17":"purchasable","18":"product-type-variable"},"_links":{"self":[{"href":"https:\/\/vinyform.com\/fr\/wp-json\/wp\/v2\/product\/15712","targetHints":{"allow":["GET"]}}],"collection":[{"href":"https:\/\/vinyform.com\/fr\/wp-json\/wp\/v2\/product"}],"about":[{"href":"https:\/\/vinyform.com\/fr\/wp-json\/wp\/v2\/types\/product"}],"version-history":[{"count":1,"href":"https:\/\/vinyform.com\/fr\/wp-json\/wp\/v2\/product\/15712\/revisions"}],"predecessor-version":[{"id":15713,"href":"https:\/\/vinyform.com\/fr\/wp-json\/wp\/v2\/product\/15712\/revisions\/15713"}],"wp:featuredmedia":[{"embeddable":true,"href":"https:\/\/vinyform.com\/fr\/wp-json\/wp\/v2\/media\/4694"}],"wp:attachment":[{"href":"https:\/\/vinyform.com\/fr\/wp-json\/wp\/v2\/media?parent=15712"}],"wp:term":[{"taxonomy":"product_brand","embeddable":true,"href":"https:\/\/vinyform.com\/fr\/wp-json\/wp\/v2\/product_brand?post=15712"},{"taxonomy":"product_cat","embeddable":true,"href":"https:\/\/vinyform.com\/fr\/wp-json\/wp\/v2\/product_cat?post=15712"},{"taxonomy":"product_tag","embeddable":true,"href":"https:\/\/vinyform.com\/fr\/wp-json\/wp\/v2\/product_tag?post=15712"},{"taxonomy":"industries","embeddable":true,"href":"https:\/\/vinyform.com\/fr\/wp-json\/wp\/v2\/industries?post=15712"}],"curies":[{"name":"wp","href":"https:\/\/api.w.org\/{rel}","templated":true}]}}