{"id":15727,"date":"2022-01-20T10:10:56","date_gmt":"2022-01-20T15:10:56","guid":{"rendered":"https:\/\/vinyform.com\/product\/porte-carte-avec-prise-de-doigt\/"},"modified":"2023-06-29T08:49:38","modified_gmt":"2023-06-29T12:49:38","slug":"porte-carte-avec-prise-de-doigt","status":"publish","type":"product","link":"https:\/\/vinyform.com\/fr\/produit\/porte-carte-avec-prise-de-doigt\/","title":{"rendered":"Porte-carte avec prise de doigt"},"content":{"rendered":"","protected":false},"excerpt":{"rendered":"<p>Porte-carte avec prise de doigt. Id\u00e9al pour prot\u00e9ger la bande magn\u00e9tique et la puce d&rsquo;une carte.<\/p>\n","protected":false},"featured_media":4712,"template":"","meta":[],"product_brand":[],"product_cat":[648],"product_tag":[],"industries":[649],"class_list":{"0":"post-15727","1":"product","2":"type-product","3":"status-publish","4":"has-post-thumbnail","6":"product_cat-portes-cartes-et-porte-permis","7":"pa_dimensions-closed-3-5-8-x-2-1-2-fr","8":"pa_quantity-500-fr","9":"pa_quantity-1000-fr","10":"pa_quantity-2500-fr","11":"pa_quantity-5000-fr","12":"pa_quantity-10000-fr","13":"industries-ventes-et-bureaux-professionnels","15":"first","16":"instock","17":"purchasable","18":"product-type-variable"},"_links":{"self":[{"href":"https:\/\/vinyform.com\/fr\/wp-json\/wp\/v2\/product\/15727","targetHints":{"allow":["GET"]}}],"collection":[{"href":"https:\/\/vinyform.com\/fr\/wp-json\/wp\/v2\/product"}],"about":[{"href":"https:\/\/vinyform.com\/fr\/wp-json\/wp\/v2\/types\/product"}],"version-history":[{"count":2,"href":"https:\/\/vinyform.com\/fr\/wp-json\/wp\/v2\/product\/15727\/revisions"}],"predecessor-version":[{"id":18162,"href":"https:\/\/vinyform.com\/fr\/wp-json\/wp\/v2\/product\/15727\/revisions\/18162"}],"wp:featuredmedia":[{"embeddable":true,"href":"https:\/\/vinyform.com\/fr\/wp-json\/wp\/v2\/media\/4712"}],"wp:attachment":[{"href":"https:\/\/vinyform.com\/fr\/wp-json\/wp\/v2\/media?parent=15727"}],"wp:term":[{"taxonomy":"product_brand","embeddable":true,"href":"https:\/\/vinyform.com\/fr\/wp-json\/wp\/v2\/product_brand?post=15727"},{"taxonomy":"product_cat","embeddable":true,"href":"https:\/\/vinyform.com\/fr\/wp-json\/wp\/v2\/product_cat?post=15727"},{"taxonomy":"product_tag","embeddable":true,"href":"https:\/\/vinyform.com\/fr\/wp-json\/wp\/v2\/product_tag?post=15727"},{"taxonomy":"industries","embeddable":true,"href":"https:\/\/vinyform.com\/fr\/wp-json\/wp\/v2\/industries?post=15727"}],"curies":[{"name":"wp","href":"https:\/\/api.w.org\/{rel}","templated":true}]}}