{"id":15735,"date":"2022-01-20T10:10:56","date_gmt":"2022-01-20T15:10:56","guid":{"rendered":"https:\/\/vinyform.com\/product\/etui-rigide-pour-carte-dautobus\/"},"modified":"2023-06-29T08:49:39","modified_gmt":"2023-06-29T12:49:39","slug":"etui-rigide-pour-carte-dautobus","status":"publish","type":"product","link":"https:\/\/vinyform.com\/fr\/produit\/etui-rigide-pour-carte-dautobus\/","title":{"rendered":"\u00c9tui rigide pour carte d&rsquo;autobus"},"content":{"rendered":"","protected":false},"excerpt":{"rendered":"<p>\u00c9tui rigide pour carte de transport en commun: fait en vinyle transparent, comprend un c\u00f4t\u00e9 rigide avec trou oval pour attache et un c\u00f4t\u00e9 givr\u00e9 avec prise de doigt.<\/p>\n","protected":false},"featured_media":4721,"template":"","meta":[],"product_brand":[],"product_cat":[648],"product_tag":[],"industries":[649],"class_list":{"0":"post-15735","1":"product","2":"type-product","3":"status-publish","4":"has-post-thumbnail","6":"product_cat-portes-cartes-et-porte-permis","7":"pa_dimensions-closed-4-x-2-1-2-fr","8":"pa_quantity-500-fr","9":"pa_quantity-1000-fr","10":"pa_quantity-2500-fr","11":"pa_quantity-5000-fr","12":"pa_quantity-10000-fr","13":"industries-ventes-et-bureaux-professionnels","15":"first","16":"instock","17":"purchasable","18":"product-type-variable"},"_links":{"self":[{"href":"https:\/\/vinyform.com\/fr\/wp-json\/wp\/v2\/product\/15735","targetHints":{"allow":["GET"]}}],"collection":[{"href":"https:\/\/vinyform.com\/fr\/wp-json\/wp\/v2\/product"}],"about":[{"href":"https:\/\/vinyform.com\/fr\/wp-json\/wp\/v2\/types\/product"}],"version-history":[{"count":1,"href":"https:\/\/vinyform.com\/fr\/wp-json\/wp\/v2\/product\/15735\/revisions"}],"predecessor-version":[{"id":15736,"href":"https:\/\/vinyform.com\/fr\/wp-json\/wp\/v2\/product\/15735\/revisions\/15736"}],"wp:featuredmedia":[{"embeddable":true,"href":"https:\/\/vinyform.com\/fr\/wp-json\/wp\/v2\/media\/4721"}],"wp:attachment":[{"href":"https:\/\/vinyform.com\/fr\/wp-json\/wp\/v2\/media?parent=15735"}],"wp:term":[{"taxonomy":"product_brand","embeddable":true,"href":"https:\/\/vinyform.com\/fr\/wp-json\/wp\/v2\/product_brand?post=15735"},{"taxonomy":"product_cat","embeddable":true,"href":"https:\/\/vinyform.com\/fr\/wp-json\/wp\/v2\/product_cat?post=15735"},{"taxonomy":"product_tag","embeddable":true,"href":"https:\/\/vinyform.com\/fr\/wp-json\/wp\/v2\/product_tag?post=15735"},{"taxonomy":"industries","embeddable":true,"href":"https:\/\/vinyform.com\/fr\/wp-json\/wp\/v2\/industries?post=15735"}],"curies":[{"name":"wp","href":"https:\/\/api.w.org\/{rel}","templated":true}]}}