{"id":15743,"date":"2022-01-20T10:10:56","date_gmt":"2022-01-20T15:10:56","guid":{"rendered":"https:\/\/vinyform.com\/product\/etui-id\/"},"modified":"2023-06-29T08:49:42","modified_gmt":"2023-06-29T12:49:42","slug":"etui-id","status":"publish","type":"product","link":"https:\/\/vinyform.com\/fr\/produit\/etui-id\/","title":{"rendered":"\u00c9tui ID"},"content":{"rendered":"","protected":false},"excerpt":{"rendered":"<p>\u00c9tui ID: fait de cuir synth\u00e9tique souple et r\u00e9sistant, cousu d&rsquo;un fil de nylon. Comprend 2 grandes pochettes ouvertes par le centre et 2 pochettes avec ouverture diagonale pour faciliter la prise.<\/p>\n","protected":false},"featured_media":16811,"template":"","meta":[],"product_brand":[],"product_cat":[648],"product_tag":[],"industries":[649],"class_list":{"0":"post-15743","1":"product","2":"type-product","3":"status-publish","4":"has-post-thumbnail","6":"product_cat-portes-cartes-et-porte-permis","7":"pa_dimensions-closed-4-1-4-x-3-fr","8":"pa_quantity-75-fr","9":"pa_quantity-150-fr","10":"pa_quantity-250-fr","11":"pa_quantity-500-fr","12":"pa_quantity-1000-fr","13":"industries-ventes-et-bureaux-professionnels","15":"first","16":"instock","17":"purchasable","18":"product-type-variable"},"_links":{"self":[{"href":"https:\/\/vinyform.com\/fr\/wp-json\/wp\/v2\/product\/15743","targetHints":{"allow":["GET"]}}],"collection":[{"href":"https:\/\/vinyform.com\/fr\/wp-json\/wp\/v2\/product"}],"about":[{"href":"https:\/\/vinyform.com\/fr\/wp-json\/wp\/v2\/types\/product"}],"version-history":[{"count":1,"href":"https:\/\/vinyform.com\/fr\/wp-json\/wp\/v2\/product\/15743\/revisions"}],"predecessor-version":[{"id":15744,"href":"https:\/\/vinyform.com\/fr\/wp-json\/wp\/v2\/product\/15743\/revisions\/15744"}],"wp:featuredmedia":[{"embeddable":true,"href":"https:\/\/vinyform.com\/fr\/wp-json\/wp\/v2\/media\/16811"}],"wp:attachment":[{"href":"https:\/\/vinyform.com\/fr\/wp-json\/wp\/v2\/media?parent=15743"}],"wp:term":[{"taxonomy":"product_brand","embeddable":true,"href":"https:\/\/vinyform.com\/fr\/wp-json\/wp\/v2\/product_brand?post=15743"},{"taxonomy":"product_cat","embeddable":true,"href":"https:\/\/vinyform.com\/fr\/wp-json\/wp\/v2\/product_cat?post=15743"},{"taxonomy":"product_tag","embeddable":true,"href":"https:\/\/vinyform.com\/fr\/wp-json\/wp\/v2\/product_tag?post=15743"},{"taxonomy":"industries","embeddable":true,"href":"https:\/\/vinyform.com\/fr\/wp-json\/wp\/v2\/industries?post=15743"}],"curies":[{"name":"wp","href":"https:\/\/api.w.org\/{rel}","templated":true}]}}