{"id":15750,"date":"2022-01-20T10:11:10","date_gmt":"2022-01-20T15:11:10","guid":{"rendered":"https:\/\/vinyform.com\/product\/etui-a-la-carte-4-cartes\/"},"modified":"2023-06-29T08:49:44","modified_gmt":"2023-06-29T12:49:44","slug":"etui-a-la-carte-4-cartes","status":"publish","type":"product","link":"https:\/\/vinyform.com\/fr\/produit\/etui-a-la-carte-4-cartes\/","title":{"rendered":"\u00c9tui \u00e0 la carte (4 cartes)"},"content":{"rendered":"","protected":false},"excerpt":{"rendered":"<p>\u00c9tui \u00e0 la carte (4 cartes): Comprend 2 grandes pochettes ouvertes au centre, 2 pochettes avec ouverture diagonale pour faciliter la prise, ainsi que 4 pochettes en vinyle anti-statique reli\u00e9es par une double couture.<\/p>\n","protected":false},"featured_media":16815,"template":"","meta":[],"product_brand":[],"product_cat":[648],"product_tag":[],"industries":[649],"class_list":{"0":"post-15750","1":"product","2":"type-product","3":"status-publish","4":"has-post-thumbnail","6":"product_cat-portes-cartes-et-porte-permis","7":"pa_dimensions-closed-4-1-4-x-3-fr","8":"pa_quantity-75-fr","9":"pa_quantity-150-fr","10":"pa_quantity-250-fr","11":"pa_quantity-500-fr","12":"pa_quantity-1000-fr","13":"industries-ventes-et-bureaux-professionnels","15":"first","16":"instock","17":"purchasable","18":"product-type-variable"},"_links":{"self":[{"href":"https:\/\/vinyform.com\/fr\/wp-json\/wp\/v2\/product\/15750","targetHints":{"allow":["GET"]}}],"collection":[{"href":"https:\/\/vinyform.com\/fr\/wp-json\/wp\/v2\/product"}],"about":[{"href":"https:\/\/vinyform.com\/fr\/wp-json\/wp\/v2\/types\/product"}],"version-history":[{"count":1,"href":"https:\/\/vinyform.com\/fr\/wp-json\/wp\/v2\/product\/15750\/revisions"}],"predecessor-version":[{"id":15751,"href":"https:\/\/vinyform.com\/fr\/wp-json\/wp\/v2\/product\/15750\/revisions\/15751"}],"wp:featuredmedia":[{"embeddable":true,"href":"https:\/\/vinyform.com\/fr\/wp-json\/wp\/v2\/media\/16815"}],"wp:attachment":[{"href":"https:\/\/vinyform.com\/fr\/wp-json\/wp\/v2\/media?parent=15750"}],"wp:term":[{"taxonomy":"product_brand","embeddable":true,"href":"https:\/\/vinyform.com\/fr\/wp-json\/wp\/v2\/product_brand?post=15750"},{"taxonomy":"product_cat","embeddable":true,"href":"https:\/\/vinyform.com\/fr\/wp-json\/wp\/v2\/product_cat?post=15750"},{"taxonomy":"product_tag","embeddable":true,"href":"https:\/\/vinyform.com\/fr\/wp-json\/wp\/v2\/product_tag?post=15750"},{"taxonomy":"industries","embeddable":true,"href":"https:\/\/vinyform.com\/fr\/wp-json\/wp\/v2\/industries?post=15750"}],"curies":[{"name":"wp","href":"https:\/\/api.w.org\/{rel}","templated":true}]}}