{"id":15772,"date":"2022-01-20T10:11:21","date_gmt":"2022-01-20T15:11:21","guid":{"rendered":"https:\/\/vinyform.com\/product\/porte-cartes-daffaires-en-cuirette-96-cartes\/"},"modified":"2025-02-04T15:46:09","modified_gmt":"2025-02-04T20:46:09","slug":"porte-cartes-daffaires-en-cuirette-96-cartes","status":"publish","type":"product","link":"https:\/\/vinyform.com\/fr\/produit\/porte-cartes-daffaires-en-cuirette-96-cartes\/","title":{"rendered":"Porte-cartes de visite en simili-cuir (96 cartes)"},"content":{"rendered":"<p>Porte-cartes de visite en simili-cuir d&rsquo;une capacit\u00e9 de 96 cartes (dos \u00e0 dos), 8 cartes par vue. Fabriqu\u00e9 en similicuir \u00ab\u00a0A\u00a0\u00bb, rembourr\u00e9 des deux c\u00f4t\u00e9s, avec des coutures de bordure et 4 coins en m\u00e9tal.<\/p>\n","protected":false},"excerpt":{"rendered":"<p>Porte-cartes de visite en simili-cuir d&rsquo;une capacit\u00e9 de 96 cartes (dos \u00e0 dos), 8 cartes par vue. Fabriqu\u00e9 en similicuir \u00ab\u00a0A\u00a0\u00bb, rembourr\u00e9 des deux c\u00f4t\u00e9s, avec des coutures de bordure et 4 coins en m\u00e9tal.<\/p>\n","protected":false},"featured_media":4766,"template":"","meta":[],"product_brand":[],"product_cat":[648],"product_tag":[],"industries":[649],"class_list":{"0":"post-15772","1":"product","2":"type-product","3":"status-publish","4":"has-post-thumbnail","6":"product_cat-portes-cartes-et-porte-permis","7":"pa_quantity-150-fr","8":"pa_quantity-250-fr","9":"pa_quantity-500-fr","10":"pa_quantity-1000-fr","11":"pa_quantity-2500-fr","12":"industries-ventes-et-bureaux-professionnels","14":"first","15":"instock","16":"purchasable","17":"product-type-variable"},"_links":{"self":[{"href":"https:\/\/vinyform.com\/fr\/wp-json\/wp\/v2\/product\/15772","targetHints":{"allow":["GET"]}}],"collection":[{"href":"https:\/\/vinyform.com\/fr\/wp-json\/wp\/v2\/product"}],"about":[{"href":"https:\/\/vinyform.com\/fr\/wp-json\/wp\/v2\/types\/product"}],"version-history":[{"count":2,"href":"https:\/\/vinyform.com\/fr\/wp-json\/wp\/v2\/product\/15772\/revisions"}],"predecessor-version":[{"id":24890,"href":"https:\/\/vinyform.com\/fr\/wp-json\/wp\/v2\/product\/15772\/revisions\/24890"}],"wp:featuredmedia":[{"embeddable":true,"href":"https:\/\/vinyform.com\/fr\/wp-json\/wp\/v2\/media\/4766"}],"wp:attachment":[{"href":"https:\/\/vinyform.com\/fr\/wp-json\/wp\/v2\/media?parent=15772"}],"wp:term":[{"taxonomy":"product_brand","embeddable":true,"href":"https:\/\/vinyform.com\/fr\/wp-json\/wp\/v2\/product_brand?post=15772"},{"taxonomy":"product_cat","embeddable":true,"href":"https:\/\/vinyform.com\/fr\/wp-json\/wp\/v2\/product_cat?post=15772"},{"taxonomy":"product_tag","embeddable":true,"href":"https:\/\/vinyform.com\/fr\/wp-json\/wp\/v2\/product_tag?post=15772"},{"taxonomy":"industries","embeddable":true,"href":"https:\/\/vinyform.com\/fr\/wp-json\/wp\/v2\/industries?post=15772"}],"curies":[{"name":"wp","href":"https:\/\/api.w.org\/{rel}","templated":true}]}}