{"id":15812,"date":"2022-01-20T10:11:47","date_gmt":"2022-01-20T15:11:47","guid":{"rendered":"https:\/\/vinyform.com\/product\/porte-documents-distinctif-format-legal\/"},"modified":"2023-06-29T08:50:08","modified_gmt":"2023-06-29T12:50:08","slug":"porte-documents-distinctif-format-legal","status":"publish","type":"product","link":"https:\/\/vinyform.com\/fr\/produit\/porte-documents-distinctif-format-legal\/","title":{"rendered":"Porte-documents distinctif format l\u00e9gal"},"content":{"rendered":"","protected":false},"excerpt":{"rendered":"<p>Porte-documents: format l\u00e9gal, permet un choix de vinyle contrastant. Carton de soutien ins\u00e9r\u00e9. Rabat de forme arrondie 5 1\/2&Prime;.<\/p>\n","protected":false},"featured_media":4811,"template":"","meta":[],"product_brand":[],"product_cat":[657],"product_tag":[],"industries":[650,701,658,649],"class_list":{"0":"post-15812","1":"product","2":"type-product","3":"status-publish","4":"has-post-thumbnail","6":"product_cat-portes-documents","7":"pa_dimensions-closed-11-x-16-fr","8":"pa_quantity-100-fr","9":"pa_quantity-150-fr","10":"pa_quantity-250-fr","11":"pa_quantity-500-fr","12":"pa_quantity-1000-fr","13":"industries-assurance","14":"industries-institutions-financieres","15":"industries-salons-funeraires","16":"industries-ventes-et-bureaux-professionnels","18":"first","19":"instock","20":"purchasable","21":"product-type-variable"},"_links":{"self":[{"href":"https:\/\/vinyform.com\/fr\/wp-json\/wp\/v2\/product\/15812","targetHints":{"allow":["GET"]}}],"collection":[{"href":"https:\/\/vinyform.com\/fr\/wp-json\/wp\/v2\/product"}],"about":[{"href":"https:\/\/vinyform.com\/fr\/wp-json\/wp\/v2\/types\/product"}],"version-history":[{"count":1,"href":"https:\/\/vinyform.com\/fr\/wp-json\/wp\/v2\/product\/15812\/revisions"}],"predecessor-version":[{"id":15813,"href":"https:\/\/vinyform.com\/fr\/wp-json\/wp\/v2\/product\/15812\/revisions\/15813"}],"wp:featuredmedia":[{"embeddable":true,"href":"https:\/\/vinyform.com\/fr\/wp-json\/wp\/v2\/media\/4811"}],"wp:attachment":[{"href":"https:\/\/vinyform.com\/fr\/wp-json\/wp\/v2\/media?parent=15812"}],"wp:term":[{"taxonomy":"product_brand","embeddable":true,"href":"https:\/\/vinyform.com\/fr\/wp-json\/wp\/v2\/product_brand?post=15812"},{"taxonomy":"product_cat","embeddable":true,"href":"https:\/\/vinyform.com\/fr\/wp-json\/wp\/v2\/product_cat?post=15812"},{"taxonomy":"product_tag","embeddable":true,"href":"https:\/\/vinyform.com\/fr\/wp-json\/wp\/v2\/product_tag?post=15812"},{"taxonomy":"industries","embeddable":true,"href":"https:\/\/vinyform.com\/fr\/wp-json\/wp\/v2\/industries?post=15812"}],"curies":[{"name":"wp","href":"https:\/\/api.w.org\/{rel}","templated":true}]}}