{"id":15827,"date":"2022-01-20T10:11:47","date_gmt":"2022-01-20T15:11:47","guid":{"rendered":"https:\/\/vinyform.com\/product\/porte-documents-extensible-2\/"},"modified":"2023-06-29T08:50:34","modified_gmt":"2023-06-29T12:50:34","slug":"porte-documents-extensible-2","status":"publish","type":"product","link":"https:\/\/vinyform.com\/fr\/produit\/porte-documents-extensible-2\/","title":{"rendered":"Porte-documents extensible 2&Prime;"},"content":{"rendered":"","protected":false},"excerpt":{"rendered":"<p>Porte-documents: format l\u00e9gal, cartonn\u00e9, compartiment int\u00e9rieur, rabat de 5 1\/4&Prime; pointe \u00e0 gauche, capacit\u00e9 r\u00e9elle de 2&Prime; avec fermoir velcro ajustable. Pochette de carte d&rsquo;affaires en option.<\/p>\n","protected":false},"featured_media":10270,"template":"","meta":[],"product_brand":[],"product_cat":[657],"product_tag":[],"industries":[701,649],"class_list":{"0":"post-15827","1":"product","2":"type-product","3":"status-publish","4":"has-post-thumbnail","6":"product_cat-portes-documents","7":"pa_dimensions-closed-11-x-15-1-2-x-2-fr","8":"pa_quantity-100-fr","9":"pa_quantity-150-fr","10":"pa_quantity-250-fr","11":"pa_quantity-500-fr","12":"pa_quantity-1000-fr","13":"industries-institutions-financieres","14":"industries-ventes-et-bureaux-professionnels","16":"first","17":"instock","18":"purchasable","19":"product-type-variable"},"_links":{"self":[{"href":"https:\/\/vinyform.com\/fr\/wp-json\/wp\/v2\/product\/15827","targetHints":{"allow":["GET"]}}],"collection":[{"href":"https:\/\/vinyform.com\/fr\/wp-json\/wp\/v2\/product"}],"about":[{"href":"https:\/\/vinyform.com\/fr\/wp-json\/wp\/v2\/types\/product"}],"version-history":[{"count":1,"href":"https:\/\/vinyform.com\/fr\/wp-json\/wp\/v2\/product\/15827\/revisions"}],"predecessor-version":[{"id":15828,"href":"https:\/\/vinyform.com\/fr\/wp-json\/wp\/v2\/product\/15827\/revisions\/15828"}],"wp:featuredmedia":[{"embeddable":true,"href":"https:\/\/vinyform.com\/fr\/wp-json\/wp\/v2\/media\/10270"}],"wp:attachment":[{"href":"https:\/\/vinyform.com\/fr\/wp-json\/wp\/v2\/media?parent=15827"}],"wp:term":[{"taxonomy":"product_brand","embeddable":true,"href":"https:\/\/vinyform.com\/fr\/wp-json\/wp\/v2\/product_brand?post=15827"},{"taxonomy":"product_cat","embeddable":true,"href":"https:\/\/vinyform.com\/fr\/wp-json\/wp\/v2\/product_cat?post=15827"},{"taxonomy":"product_tag","embeddable":true,"href":"https:\/\/vinyform.com\/fr\/wp-json\/wp\/v2\/product_tag?post=15827"},{"taxonomy":"industries","embeddable":true,"href":"https:\/\/vinyform.com\/fr\/wp-json\/wp\/v2\/industries?post=15827"}],"curies":[{"name":"wp","href":"https:\/\/api.w.org\/{rel}","templated":true}]}}