{"id":15834,"date":"2022-01-20T10:12:00","date_gmt":"2022-01-20T15:12:00","guid":{"rendered":"https:\/\/vinyform.com\/product\/porte-insigne-701\/"},"modified":"2024-04-03T13:17:59","modified_gmt":"2024-04-03T17:17:59","slug":"porte-insigne-701","status":"publish","type":"product","link":"https:\/\/vinyform.com\/fr\/produit\/porte-insigne-701\/","title":{"rendered":"Porte-insigne 701"},"content":{"rendered":"","protected":false},"excerpt":{"rendered":"<p>Porte-insigne 701: pour insertion de 3&Prime; x 4&Prime;.<\/p>\n<p>Ils peuvent \u00eatre utilis\u00e9s pour des conventions et des \u00e9v\u00e8nements, avec des r\u00e9tracteurs pour badge ou des lani\u00e8res*.<\/p>\n<p>Un porte-badge standard est sans impression et fait de vinyle clair. Dimensions ext\u00e9rieures: 3 1\/4&Prime; x 5&Prime;.<\/p>\n<p>Ils peuvent \u00eatre imprim\u00e9s en impression \u00e0 chaud, fait en partie de vinyle opaque de couleur ou seulement avec la bande sup\u00e9rieure color\u00e9e (rouge, bleu, vert ou jaune) L&rsquo;impression \u00e0 chaux doit \u00eatre de maximum 6 pouces carr\u00e9s. Contactez-nous pour les prix de ces options sp\u00e9ciales.<\/p>\n<p>*Consultez nos lani\u00e8res sublim\u00e9es PRO102!<\/p>\n","protected":false},"featured_media":16828,"template":"","meta":[],"product_brand":[],"product_cat":[952],"product_tag":[],"industries":[649],"class_list":{"0":"post-15834","1":"product","2":"type-product","3":"status-publish","4":"has-post-thumbnail","6":"product_cat-porte-badges-fr","7":"pa_quantity-100-fr","8":"pa_quantity-250-fr","9":"pa_quantity-500-fr","10":"pa_quantity-1000-fr","11":"pa_quantity-2500-fr","12":"industries-ventes-et-bureaux-professionnels","14":"first","15":"instock","16":"purchasable","17":"product-type-variable"},"_links":{"self":[{"href":"https:\/\/vinyform.com\/fr\/wp-json\/wp\/v2\/product\/15834","targetHints":{"allow":["GET"]}}],"collection":[{"href":"https:\/\/vinyform.com\/fr\/wp-json\/wp\/v2\/product"}],"about":[{"href":"https:\/\/vinyform.com\/fr\/wp-json\/wp\/v2\/types\/product"}],"version-history":[{"count":3,"href":"https:\/\/vinyform.com\/fr\/wp-json\/wp\/v2\/product\/15834\/revisions"}],"predecessor-version":[{"id":24615,"href":"https:\/\/vinyform.com\/fr\/wp-json\/wp\/v2\/product\/15834\/revisions\/24615"}],"wp:featuredmedia":[{"embeddable":true,"href":"https:\/\/vinyform.com\/fr\/wp-json\/wp\/v2\/media\/16828"}],"wp:attachment":[{"href":"https:\/\/vinyform.com\/fr\/wp-json\/wp\/v2\/media?parent=15834"}],"wp:term":[{"taxonomy":"product_brand","embeddable":true,"href":"https:\/\/vinyform.com\/fr\/wp-json\/wp\/v2\/product_brand?post=15834"},{"taxonomy":"product_cat","embeddable":true,"href":"https:\/\/vinyform.com\/fr\/wp-json\/wp\/v2\/product_cat?post=15834"},{"taxonomy":"product_tag","embeddable":true,"href":"https:\/\/vinyform.com\/fr\/wp-json\/wp\/v2\/product_tag?post=15834"},{"taxonomy":"industries","embeddable":true,"href":"https:\/\/vinyform.com\/fr\/wp-json\/wp\/v2\/industries?post=15834"}],"curies":[{"name":"wp","href":"https:\/\/api.w.org\/{rel}","templated":true}]}}