{"id":15869,"date":"2022-01-20T10:12:13","date_gmt":"2022-01-20T15:12:13","guid":{"rendered":"https:\/\/vinyform.com\/product\/porte-insigne-707\/"},"modified":"2024-04-03T13:55:45","modified_gmt":"2024-04-03T17:55:45","slug":"porte-insigne-707","status":"publish","type":"product","link":"https:\/\/vinyform.com\/fr\/produit\/porte-insigne-707\/","title":{"rendered":"Porte-insigne 707"},"content":{"rendered":"","protected":false},"excerpt":{"rendered":"<p>Porte-insigne 707: pour insertion de 4 1\/4\u2033 x 6 1\/4\u2033.<\/p>\n<p>Ils peuvent \u00eatre utilis\u00e9s pour des conventions et des \u00e9v\u00e8nements, avec des r\u00e9tracteurs pour badge ou des lani\u00e8res*.<\/p>\n<p>Un porte-badge standard est sans impression et fait de vinyle clair. Dimensions ext\u00e9rieures: 4 1\/2\u2033 x 7 1\/4\u2033.<\/p>\n<p>Ils peuvent \u00eatre imprim\u00e9s en impression \u00e0 chaud, fait en partie de vinyle opaque de couleur ou seulement avec la bande sup\u00e9rieure color\u00e9e (rouge, bleu, vert ou jaune) L\u2019impression \u00e0 chaux doit \u00eatre de maximum 6 pouces carr\u00e9s. Contactez-nous pour les prix de ces options sp\u00e9ciales.<\/p>\n<p>*Consultez nos lani\u00e8res sublim\u00e9es PRO102!<\/p>\n","protected":false},"featured_media":16838,"template":"","meta":[],"product_brand":[],"product_cat":[952],"product_tag":[],"industries":[649],"class_list":{"0":"post-15869","1":"product","2":"type-product","3":"status-publish","4":"has-post-thumbnail","6":"product_cat-porte-badges-fr","7":"pa_quantity-100-fr","8":"pa_quantity-250-fr","9":"pa_quantity-500-fr","10":"pa_quantity-1000-fr","11":"pa_quantity-2500-fr","12":"industries-ventes-et-bureaux-professionnels","14":"first","15":"instock","16":"purchasable","17":"product-type-variable"},"_links":{"self":[{"href":"https:\/\/vinyform.com\/fr\/wp-json\/wp\/v2\/product\/15869","targetHints":{"allow":["GET"]}}],"collection":[{"href":"https:\/\/vinyform.com\/fr\/wp-json\/wp\/v2\/product"}],"about":[{"href":"https:\/\/vinyform.com\/fr\/wp-json\/wp\/v2\/types\/product"}],"version-history":[{"count":2,"href":"https:\/\/vinyform.com\/fr\/wp-json\/wp\/v2\/product\/15869\/revisions"}],"predecessor-version":[{"id":24630,"href":"https:\/\/vinyform.com\/fr\/wp-json\/wp\/v2\/product\/15869\/revisions\/24630"}],"wp:featuredmedia":[{"embeddable":true,"href":"https:\/\/vinyform.com\/fr\/wp-json\/wp\/v2\/media\/16838"}],"wp:attachment":[{"href":"https:\/\/vinyform.com\/fr\/wp-json\/wp\/v2\/media?parent=15869"}],"wp:term":[{"taxonomy":"product_brand","embeddable":true,"href":"https:\/\/vinyform.com\/fr\/wp-json\/wp\/v2\/product_brand?post=15869"},{"taxonomy":"product_cat","embeddable":true,"href":"https:\/\/vinyform.com\/fr\/wp-json\/wp\/v2\/product_cat?post=15869"},{"taxonomy":"product_tag","embeddable":true,"href":"https:\/\/vinyform.com\/fr\/wp-json\/wp\/v2\/product_tag?post=15869"},{"taxonomy":"industries","embeddable":true,"href":"https:\/\/vinyform.com\/fr\/wp-json\/wp\/v2\/industries?post=15869"}],"curies":[{"name":"wp","href":"https:\/\/api.w.org\/{rel}","templated":true}]}}