{"id":16107,"date":"2022-01-20T10:14:25","date_gmt":"2022-01-20T15:14:25","guid":{"rendered":"https:\/\/vinyform.com\/product\/pochette-autocollante-9-x-6\/"},"modified":"2026-03-25T16:20:22","modified_gmt":"2026-03-25T20:20:22","slug":"pochette-autocollante-9-x-6","status":"publish","type":"product","link":"https:\/\/vinyform.com\/fr\/produit\/pochette-autocollante-9-x-6\/","title":{"rendered":"Pochette autocollante 9 x 6&Prime;"},"content":{"rendered":"","protected":false},"excerpt":{"rendered":"<p>Pochette autocollante. Dos disponible en transparent ou blanc. Ouverture sur le c\u00f4t\u00e9 long. Multiples utilisations possibles en commerce de d\u00e9tail, signalisation, en usine, etc.<\/p>\n","protected":false},"featured_media":25968,"template":"","meta":[],"product_brand":[],"product_cat":[660],"product_tag":[],"industries":[986],"class_list":{"0":"post-16107","1":"product","2":"type-product","3":"status-publish","4":"has-post-thumbnail","6":"product_cat-etiquettes-autocollantes","7":"pa_quantity-100-fr","8":"pa_quantity-250-fr","9":"pa_quantity-500-fr","10":"pa_quantity-1000-fr","11":"pa_quantity-3000-fr","12":"industries-papeterie-plastek","14":"first","15":"instock","16":"purchasable","17":"product-type-variable"},"_links":{"self":[{"href":"https:\/\/vinyform.com\/fr\/wp-json\/wp\/v2\/product\/16107","targetHints":{"allow":["GET"]}}],"collection":[{"href":"https:\/\/vinyform.com\/fr\/wp-json\/wp\/v2\/product"}],"about":[{"href":"https:\/\/vinyform.com\/fr\/wp-json\/wp\/v2\/types\/product"}],"version-history":[{"count":2,"href":"https:\/\/vinyform.com\/fr\/wp-json\/wp\/v2\/product\/16107\/revisions"}],"predecessor-version":[{"id":18190,"href":"https:\/\/vinyform.com\/fr\/wp-json\/wp\/v2\/product\/16107\/revisions\/18190"}],"wp:featuredmedia":[{"embeddable":true,"href":"https:\/\/vinyform.com\/fr\/wp-json\/wp\/v2\/media\/25968"}],"wp:attachment":[{"href":"https:\/\/vinyform.com\/fr\/wp-json\/wp\/v2\/media?parent=16107"}],"wp:term":[{"taxonomy":"product_brand","embeddable":true,"href":"https:\/\/vinyform.com\/fr\/wp-json\/wp\/v2\/product_brand?post=16107"},{"taxonomy":"product_cat","embeddable":true,"href":"https:\/\/vinyform.com\/fr\/wp-json\/wp\/v2\/product_cat?post=16107"},{"taxonomy":"product_tag","embeddable":true,"href":"https:\/\/vinyform.com\/fr\/wp-json\/wp\/v2\/product_tag?post=16107"},{"taxonomy":"industries","embeddable":true,"href":"https:\/\/vinyform.com\/fr\/wp-json\/wp\/v2\/industries?post=16107"}],"curies":[{"name":"wp","href":"https:\/\/api.w.org\/{rel}","templated":true}]}}