{"id":16342,"date":"2022-01-20T10:16:38","date_gmt":"2022-01-20T15:16:38","guid":{"rendered":"https:\/\/vinyform.com\/product\/pochette-standard-18-x-12\/"},"modified":"2025-12-18T10:41:18","modified_gmt":"2025-12-18T15:41:18","slug":"pochette-standard-18-x-12","status":"publish","type":"product","link":"https:\/\/vinyform.com\/fr\/produit\/pochette-standard-18-x-12\/","title":{"rendered":"Pochette standard 18 x 12&Prime;"},"content":{"rendered":"","protected":false},"excerpt":{"rendered":"<p>Pochette de vinyle. Ouverture sur le c\u00f4t\u00e9 long. Offert dans une grande vari\u00e9t\u00e9 de couleurs. Multiples utilisations possibles en commerce de d\u00e9tail, signalisation, en usine, etc.<\/p>\n","protected":false},"featured_media":25990,"template":"","meta":[],"product_brand":[],"product_cat":[660],"product_tag":[],"industries":[986],"class_list":{"0":"post-16342","1":"product","2":"type-product","3":"status-publish","4":"has-post-thumbnail","6":"product_cat-etiquettes-autocollantes","7":"pa_quantity-250-fr","8":"pa_quantity-500-fr","9":"pa_quantity-1000-fr","10":"pa_quantity-3000-fr","11":"industries-papeterie-plastek","13":"first","14":"instock","15":"purchasable","16":"product-type-variable"},"_links":{"self":[{"href":"https:\/\/vinyform.com\/fr\/wp-json\/wp\/v2\/product\/16342","targetHints":{"allow":["GET"]}}],"collection":[{"href":"https:\/\/vinyform.com\/fr\/wp-json\/wp\/v2\/product"}],"about":[{"href":"https:\/\/vinyform.com\/fr\/wp-json\/wp\/v2\/types\/product"}],"version-history":[{"count":2,"href":"https:\/\/vinyform.com\/fr\/wp-json\/wp\/v2\/product\/16342\/revisions"}],"predecessor-version":[{"id":18228,"href":"https:\/\/vinyform.com\/fr\/wp-json\/wp\/v2\/product\/16342\/revisions\/18228"}],"wp:featuredmedia":[{"embeddable":true,"href":"https:\/\/vinyform.com\/fr\/wp-json\/wp\/v2\/media\/25990"}],"wp:attachment":[{"href":"https:\/\/vinyform.com\/fr\/wp-json\/wp\/v2\/media?parent=16342"}],"wp:term":[{"taxonomy":"product_brand","embeddable":true,"href":"https:\/\/vinyform.com\/fr\/wp-json\/wp\/v2\/product_brand?post=16342"},{"taxonomy":"product_cat","embeddable":true,"href":"https:\/\/vinyform.com\/fr\/wp-json\/wp\/v2\/product_cat?post=16342"},{"taxonomy":"product_tag","embeddable":true,"href":"https:\/\/vinyform.com\/fr\/wp-json\/wp\/v2\/product_tag?post=16342"},{"taxonomy":"industries","embeddable":true,"href":"https:\/\/vinyform.com\/fr\/wp-json\/wp\/v2\/industries?post=16342"}],"curies":[{"name":"wp","href":"https:\/\/api.w.org\/{rel}","templated":true}]}}