{"id":16355,"date":"2022-01-20T10:16:52","date_gmt":"2022-01-20T15:16:52","guid":{"rendered":"https:\/\/vinyform.com\/product\/porte-document-distinctif\/"},"modified":"2023-06-29T08:50:40","modified_gmt":"2023-06-29T12:50:40","slug":"porte-document-distinctif","status":"publish","type":"product","link":"https:\/\/vinyform.com\/fr\/produit\/porte-document-distinctif\/","title":{"rendered":"Porte-document distinctif"},"content":{"rendered":"","protected":false},"excerpt":{"rendered":"<p>Porte-documents distinctif: poss\u00e8de une poign\u00e9e, 2 renforts aux extr\u00e9mit\u00e9s de la fermeture \u00e9clair et un carton de soutien.<\/p>\n","protected":false},"featured_media":16860,"template":"","meta":[],"product_brand":[],"product_cat":[657],"product_tag":[],"industries":[649],"class_list":{"0":"post-16355","1":"product","2":"type-product","3":"status-publish","4":"has-post-thumbnail","6":"product_cat-portes-documents","7":"pa_dimensions-closed-11-x-17-fr","8":"pa_quantity-75-fr","9":"pa_quantity-150-fr","10":"pa_quantity-250-fr","11":"pa_quantity-500-fr","12":"pa_quantity-1000-fr","13":"industries-ventes-et-bureaux-professionnels","15":"first","16":"instock","17":"purchasable","18":"product-type-variable"},"_links":{"self":[{"href":"https:\/\/vinyform.com\/fr\/wp-json\/wp\/v2\/product\/16355","targetHints":{"allow":["GET"]}}],"collection":[{"href":"https:\/\/vinyform.com\/fr\/wp-json\/wp\/v2\/product"}],"about":[{"href":"https:\/\/vinyform.com\/fr\/wp-json\/wp\/v2\/types\/product"}],"version-history":[{"count":1,"href":"https:\/\/vinyform.com\/fr\/wp-json\/wp\/v2\/product\/16355\/revisions"}],"predecessor-version":[{"id":16356,"href":"https:\/\/vinyform.com\/fr\/wp-json\/wp\/v2\/product\/16355\/revisions\/16356"}],"wp:featuredmedia":[{"embeddable":true,"href":"https:\/\/vinyform.com\/fr\/wp-json\/wp\/v2\/media\/16860"}],"wp:attachment":[{"href":"https:\/\/vinyform.com\/fr\/wp-json\/wp\/v2\/media?parent=16355"}],"wp:term":[{"taxonomy":"product_brand","embeddable":true,"href":"https:\/\/vinyform.com\/fr\/wp-json\/wp\/v2\/product_brand?post=16355"},{"taxonomy":"product_cat","embeddable":true,"href":"https:\/\/vinyform.com\/fr\/wp-json\/wp\/v2\/product_cat?post=16355"},{"taxonomy":"product_tag","embeddable":true,"href":"https:\/\/vinyform.com\/fr\/wp-json\/wp\/v2\/product_tag?post=16355"},{"taxonomy":"industries","embeddable":true,"href":"https:\/\/vinyform.com\/fr\/wp-json\/wp\/v2\/industries?post=16355"}],"curies":[{"name":"wp","href":"https:\/\/api.w.org\/{rel}","templated":true}]}}