{"id":16425,"date":"2022-01-20T10:17:31","date_gmt":"2022-01-20T15:17:31","guid":{"rendered":"https:\/\/vinyform.com\/product\/ecritoire-a-3-volets-format-8-5-x-11-avec-anneaux-de-cartable\/"},"modified":"2026-03-06T12:15:03","modified_gmt":"2026-03-06T17:15:03","slug":"ecritoire-a-3-volets-format-8-5-x-11-avec-anneaux-de-cartable","status":"publish","type":"product","link":"https:\/\/vinyform.com\/fr\/produit\/ecritoire-a-3-volets-format-8-5-x-11-avec-anneaux-de-cartable\/","title":{"rendered":"\u00c9critoire \u00e0 3 volets format 8.5 x 11&Prime; avec anneaux de cartable"},"content":{"rendered":"<p>Ce porte-documents \u00e0 trois volets comprend un anneau rond de 1\/2&Prime; de capacit\u00e9, une pochette diagonale sur la couverture int\u00e9rieure, une boucle pour stylo, une pochette pour cartes de visite en forme de \u00ab\u00a0U\u00a0\u00bb sur le rabat diagonal int\u00e9rieur et une fermeture velcro ajustable. Disponible en simili cuir plx-8159 (bloc-notes non inclus) <\/p>\n","protected":false},"excerpt":{"rendered":"<p>Ce porte-documents \u00e0 trois volets comprend un anneau rond de 1\/2&Prime; de capacit\u00e9, une pochette diagonale sur la couverture int\u00e9rieure, une boucle pour stylo, une pochette pour cartes de visite en forme de \u00ab\u00a0U\u00a0\u00bb sur le rabat diagonal int\u00e9rieur et une fermeture velcro ajustable. Disponible en simili cuir plx-8159 (bloc-notes non inclus) <\/p>\n","protected":false},"featured_media":10080,"template":"","meta":[],"product_brand":[],"product_cat":[662],"product_tag":[],"industries":[649],"class_list":{"0":"post-16425","1":"product","2":"type-product","3":"status-publish","4":"has-post-thumbnail","6":"product_cat-ecritoires","7":"pa_quantity-50-fr","8":"pa_quantity-100-fr","9":"pa_quantity-150-fr","10":"pa_quantity-250-fr","11":"pa_quantity-500-fr","12":"industries-ventes-et-bureaux-professionnels","14":"first","15":"instock","16":"purchasable","17":"product-type-variable"},"_links":{"self":[{"href":"https:\/\/vinyform.com\/fr\/wp-json\/wp\/v2\/product\/16425","targetHints":{"allow":["GET"]}}],"collection":[{"href":"https:\/\/vinyform.com\/fr\/wp-json\/wp\/v2\/product"}],"about":[{"href":"https:\/\/vinyform.com\/fr\/wp-json\/wp\/v2\/types\/product"}],"version-history":[{"count":2,"href":"https:\/\/vinyform.com\/fr\/wp-json\/wp\/v2\/product\/16425\/revisions"}],"predecessor-version":[{"id":26668,"href":"https:\/\/vinyform.com\/fr\/wp-json\/wp\/v2\/product\/16425\/revisions\/26668"}],"wp:featuredmedia":[{"embeddable":true,"href":"https:\/\/vinyform.com\/fr\/wp-json\/wp\/v2\/media\/10080"}],"wp:attachment":[{"href":"https:\/\/vinyform.com\/fr\/wp-json\/wp\/v2\/media?parent=16425"}],"wp:term":[{"taxonomy":"product_brand","embeddable":true,"href":"https:\/\/vinyform.com\/fr\/wp-json\/wp\/v2\/product_brand?post=16425"},{"taxonomy":"product_cat","embeddable":true,"href":"https:\/\/vinyform.com\/fr\/wp-json\/wp\/v2\/product_cat?post=16425"},{"taxonomy":"product_tag","embeddable":true,"href":"https:\/\/vinyform.com\/fr\/wp-json\/wp\/v2\/product_tag?post=16425"},{"taxonomy":"industries","embeddable":true,"href":"https:\/\/vinyform.com\/fr\/wp-json\/wp\/v2\/industries?post=16425"}],"curies":[{"name":"wp","href":"https:\/\/api.w.org\/{rel}","templated":true}]}}