{"id":16432,"date":"2022-01-20T10:17:31","date_gmt":"2022-01-20T15:17:31","guid":{"rendered":"https:\/\/vinyform.com\/product\/ecritoire-de-luxe-en-cuirette-format-8-5-x-11\/"},"modified":"2025-02-04T15:51:27","modified_gmt":"2025-02-04T20:51:27","slug":"ecritoire-de-luxe-en-cuirette-format-8-5-x-11","status":"publish","type":"product","link":"https:\/\/vinyform.com\/fr\/produit\/ecritoire-de-luxe-en-cuirette-format-8-5-x-11\/","title":{"rendered":"\u00c9critoire de luxe en simili-cuir"},"content":{"rendered":"<p>\u00c9critoire de luxe en simili-cuir, poche diagonale sur la couverture int\u00e9rieure, boucle pour stylo, pochette pour cartes de visite en forme de \u00ab\u00a0U\u00a0\u00bb. Cet article est rembourr\u00e9 des deux c\u00f4t\u00e9s, rehauss\u00e9 de coutures et de 4 coins en m\u00e9tal (stylo et bloc-notes non inclus).<\/p>\n","protected":false},"excerpt":{"rendered":"<p>\u00c9critoire de bureau de luxe en simili-cuir, poche diagonale sur la couverture int\u00e9rieure, boucle pour stylo, pochette pour cartes de visite en forme de \u00ab\u00a0U\u00a0\u00bb. Cet article est rembourr\u00e9 des deux c\u00f4t\u00e9s, rehauss\u00e9 de coutures et de 4 coins en m\u00e9tal (stylo et bloc-notes non inclus).<\/p>\n","protected":false},"featured_media":16876,"template":"","meta":[],"product_brand":[],"product_cat":[662],"product_tag":[],"industries":[649],"class_list":{"0":"post-16432","1":"product","2":"type-product","3":"status-publish","4":"has-post-thumbnail","6":"product_cat-ecritoires","7":"pa_quantity-50-fr","8":"pa_quantity-100-fr","9":"pa_quantity-150-fr","10":"pa_quantity-250-fr","11":"pa_quantity-500-fr","12":"industries-ventes-et-bureaux-professionnels","14":"first","15":"instock","16":"purchasable","17":"product-type-variable"},"_links":{"self":[{"href":"https:\/\/vinyform.com\/fr\/wp-json\/wp\/v2\/product\/16432","targetHints":{"allow":["GET"]}}],"collection":[{"href":"https:\/\/vinyform.com\/fr\/wp-json\/wp\/v2\/product"}],"about":[{"href":"https:\/\/vinyform.com\/fr\/wp-json\/wp\/v2\/types\/product"}],"version-history":[{"count":2,"href":"https:\/\/vinyform.com\/fr\/wp-json\/wp\/v2\/product\/16432\/revisions"}],"predecessor-version":[{"id":24892,"href":"https:\/\/vinyform.com\/fr\/wp-json\/wp\/v2\/product\/16432\/revisions\/24892"}],"wp:featuredmedia":[{"embeddable":true,"href":"https:\/\/vinyform.com\/fr\/wp-json\/wp\/v2\/media\/16876"}],"wp:attachment":[{"href":"https:\/\/vinyform.com\/fr\/wp-json\/wp\/v2\/media?parent=16432"}],"wp:term":[{"taxonomy":"product_brand","embeddable":true,"href":"https:\/\/vinyform.com\/fr\/wp-json\/wp\/v2\/product_brand?post=16432"},{"taxonomy":"product_cat","embeddable":true,"href":"https:\/\/vinyform.com\/fr\/wp-json\/wp\/v2\/product_cat?post=16432"},{"taxonomy":"product_tag","embeddable":true,"href":"https:\/\/vinyform.com\/fr\/wp-json\/wp\/v2\/product_tag?post=16432"},{"taxonomy":"industries","embeddable":true,"href":"https:\/\/vinyform.com\/fr\/wp-json\/wp\/v2\/industries?post=16432"}],"curies":[{"name":"wp","href":"https:\/\/api.w.org\/{rel}","templated":true}]}}