{"id":16439,"date":"2022-01-20T10:17:31","date_gmt":"2022-01-20T15:17:31","guid":{"rendered":"https:\/\/vinyform.com\/product\/ecritoire-haut-de-gamme-en-cuir-synthetique\/"},"modified":"2026-01-13T16:21:50","modified_gmt":"2026-01-13T21:21:50","slug":"ecritoire-haut-de-gamme-en-cuir-synthetique","status":"publish","type":"product","link":"https:\/\/vinyform.com\/fr\/produit\/ecritoire-haut-de-gamme-en-cuir-synthetique\/","title":{"rendered":"Chemise de bureau de qualit\u00e9 sup\u00e9rieure en cuir synth\u00e9tique"},"content":{"rendered":"<p>Chemise de bureau de qualit\u00e9 sup\u00e9rieure en cuir synth\u00e9tique comprenant une pochette \u00e0 soufflet \u00e0 l&rsquo;int\u00e9rieur de la couverture, une boucle pour stylo et une pochette en forme de \u00ab\u00a0U\u00a0\u00bb pour les cartes de visite. Cet article est rembourr\u00e9 des deux c\u00f4t\u00e9s, rehauss\u00e9 de coutures et de 4 coins en m\u00e9tal (stylo et bloc-notes non inclus).<\/p>\n","protected":false},"excerpt":{"rendered":"<p>Chemise de bureau de qualit\u00e9 sup\u00e9rieure en cuir synth\u00e9tique comprenant une pochette \u00e0 soufflet \u00e0 l&rsquo;int\u00e9rieur de la couverture, une boucle pour stylo et une pochette en forme de \u00ab\u00a0U\u00a0\u00bb pour les cartes de visite. Cet article est rembourr\u00e9 des deux c\u00f4t\u00e9s, rehauss\u00e9 de coutures et de 4 coins en m\u00e9tal (stylo et bloc-notes non inclus).<\/p>\n","protected":false},"featured_media":5484,"template":"","meta":[],"product_brand":[],"product_cat":[662],"product_tag":[],"industries":[649],"class_list":{"0":"post-16439","1":"product","2":"type-product","3":"status-publish","4":"has-post-thumbnail","6":"product_cat-ecritoires","7":"pa_quantity-50-fr","8":"pa_quantity-100-fr","9":"pa_quantity-150-fr","10":"pa_quantity-250-fr","11":"pa_quantity-500-fr","12":"industries-ventes-et-bureaux-professionnels","14":"first","15":"instock","16":"purchasable","17":"product-type-variable"},"_links":{"self":[{"href":"https:\/\/vinyform.com\/fr\/wp-json\/wp\/v2\/product\/16439","targetHints":{"allow":["GET"]}}],"collection":[{"href":"https:\/\/vinyform.com\/fr\/wp-json\/wp\/v2\/product"}],"about":[{"href":"https:\/\/vinyform.com\/fr\/wp-json\/wp\/v2\/types\/product"}],"version-history":[{"count":3,"href":"https:\/\/vinyform.com\/fr\/wp-json\/wp\/v2\/product\/16439\/revisions"}],"predecessor-version":[{"id":26305,"href":"https:\/\/vinyform.com\/fr\/wp-json\/wp\/v2\/product\/16439\/revisions\/26305"}],"wp:featuredmedia":[{"embeddable":true,"href":"https:\/\/vinyform.com\/fr\/wp-json\/wp\/v2\/media\/5484"}],"wp:attachment":[{"href":"https:\/\/vinyform.com\/fr\/wp-json\/wp\/v2\/media?parent=16439"}],"wp:term":[{"taxonomy":"product_brand","embeddable":true,"href":"https:\/\/vinyform.com\/fr\/wp-json\/wp\/v2\/product_brand?post=16439"},{"taxonomy":"product_cat","embeddable":true,"href":"https:\/\/vinyform.com\/fr\/wp-json\/wp\/v2\/product_cat?post=16439"},{"taxonomy":"product_tag","embeddable":true,"href":"https:\/\/vinyform.com\/fr\/wp-json\/wp\/v2\/product_tag?post=16439"},{"taxonomy":"industries","embeddable":true,"href":"https:\/\/vinyform.com\/fr\/wp-json\/wp\/v2\/industries?post=16439"}],"curies":[{"name":"wp","href":"https:\/\/api.w.org\/{rel}","templated":true}]}}