{"id":16446,"date":"2022-01-20T10:17:44","date_gmt":"2022-01-20T15:17:44","guid":{"rendered":"https:\/\/vinyform.com\/product\/notes-a-tout\/"},"modified":"2023-06-29T08:51:10","modified_gmt":"2023-06-29T12:51:10","slug":"notes-a-tout","status":"publish","type":"product","link":"https:\/\/vinyform.com\/fr\/produit\/notes-a-tout\/","title":{"rendered":"Notes \u00e0 tout"},"content":{"rendered":"","protected":false},"excerpt":{"rendered":"<p>Notes \u00e0 tout fabriqu\u00e9 de cuir synth\u00e9tique, fini d&rsquo;un point de couture. Comprend 2 grandes pochettes, une pochette ouverture diagonale, un bloc-notes et un coulant \u00e0 stylo (stylo non inclus)<\/p>\n","protected":false},"featured_media":16880,"template":"","meta":[],"product_brand":[],"product_cat":[662],"product_tag":[],"industries":[649],"class_list":{"0":"post-16446","1":"product","2":"type-product","3":"status-publish","4":"has-post-thumbnail","6":"product_cat-ecritoires","7":"pa_dimensions-closed-5-7-8-x-4-fr","8":"pa_quantity-75-fr","9":"pa_quantity-150-fr","10":"pa_quantity-250-fr","11":"pa_quantity-500-fr","12":"pa_quantity-1000-fr","13":"industries-ventes-et-bureaux-professionnels","15":"first","16":"instock","17":"purchasable","18":"product-type-variable"},"_links":{"self":[{"href":"https:\/\/vinyform.com\/fr\/wp-json\/wp\/v2\/product\/16446","targetHints":{"allow":["GET"]}}],"collection":[{"href":"https:\/\/vinyform.com\/fr\/wp-json\/wp\/v2\/product"}],"about":[{"href":"https:\/\/vinyform.com\/fr\/wp-json\/wp\/v2\/types\/product"}],"version-history":[{"count":1,"href":"https:\/\/vinyform.com\/fr\/wp-json\/wp\/v2\/product\/16446\/revisions"}],"predecessor-version":[{"id":16447,"href":"https:\/\/vinyform.com\/fr\/wp-json\/wp\/v2\/product\/16446\/revisions\/16447"}],"wp:featuredmedia":[{"embeddable":true,"href":"https:\/\/vinyform.com\/fr\/wp-json\/wp\/v2\/media\/16880"}],"wp:attachment":[{"href":"https:\/\/vinyform.com\/fr\/wp-json\/wp\/v2\/media?parent=16446"}],"wp:term":[{"taxonomy":"product_brand","embeddable":true,"href":"https:\/\/vinyform.com\/fr\/wp-json\/wp\/v2\/product_brand?post=16446"},{"taxonomy":"product_cat","embeddable":true,"href":"https:\/\/vinyform.com\/fr\/wp-json\/wp\/v2\/product_cat?post=16446"},{"taxonomy":"product_tag","embeddable":true,"href":"https:\/\/vinyform.com\/fr\/wp-json\/wp\/v2\/product_tag?post=16446"},{"taxonomy":"industries","embeddable":true,"href":"https:\/\/vinyform.com\/fr\/wp-json\/wp\/v2\/industries?post=16446"}],"curies":[{"name":"wp","href":"https:\/\/api.w.org\/{rel}","templated":true}]}}