{"id":16495,"date":"2022-01-20T10:18:12","date_gmt":"2022-01-20T15:18:12","guid":{"rendered":"https:\/\/vinyform.com\/product\/calendrier-de-bureau\/"},"modified":"2026-04-01T14:24:29","modified_gmt":"2026-04-01T18:24:29","slug":"calendrier-de-bureau","status":"publish","type":"product","link":"https:\/\/vinyform.com\/fr\/produit\/calendrier-de-bureau\/","title":{"rendered":"Calendrier de bureau"},"content":{"rendered":"","protected":false},"excerpt":{"rendered":"<p>Calendrier de bureau comprend un calendrier de 13 mois. Impression possible des 2 c\u00f4t\u00e9s. Enveloppe non-incluse. Insertion en fran\u00e7ais ou en anglais<\/p>\n","protected":false},"featured_media":26705,"template":"","meta":[],"product_brand":[],"product_cat":[663],"product_tag":[],"industries":[650,701,649],"class_list":{"0":"post-16495","1":"product","2":"type-product","3":"status-publish","4":"has-post-thumbnail","6":"product_cat-agendas-et-calendriers","7":"pa_dimensions-closed-5-7-8-x-6-fr","8":"pa_quantity-150-fr","9":"pa_quantity-250-fr","10":"pa_quantity-500-fr","11":"pa_quantity-1000-fr","12":"pa_quantity-2500-fr","13":"industries-assurance","14":"industries-institutions-financieres","15":"industries-ventes-et-bureaux-professionnels","17":"first","18":"instock","19":"purchasable","20":"product-type-variable"},"_links":{"self":[{"href":"https:\/\/vinyform.com\/fr\/wp-json\/wp\/v2\/product\/16495","targetHints":{"allow":["GET"]}}],"collection":[{"href":"https:\/\/vinyform.com\/fr\/wp-json\/wp\/v2\/product"}],"about":[{"href":"https:\/\/vinyform.com\/fr\/wp-json\/wp\/v2\/types\/product"}],"version-history":[{"count":3,"href":"https:\/\/vinyform.com\/fr\/wp-json\/wp\/v2\/product\/16495\/revisions"}],"predecessor-version":[{"id":21977,"href":"https:\/\/vinyform.com\/fr\/wp-json\/wp\/v2\/product\/16495\/revisions\/21977"}],"wp:featuredmedia":[{"embeddable":true,"href":"https:\/\/vinyform.com\/fr\/wp-json\/wp\/v2\/media\/26705"}],"wp:attachment":[{"href":"https:\/\/vinyform.com\/fr\/wp-json\/wp\/v2\/media?parent=16495"}],"wp:term":[{"taxonomy":"product_brand","embeddable":true,"href":"https:\/\/vinyform.com\/fr\/wp-json\/wp\/v2\/product_brand?post=16495"},{"taxonomy":"product_cat","embeddable":true,"href":"https:\/\/vinyform.com\/fr\/wp-json\/wp\/v2\/product_cat?post=16495"},{"taxonomy":"product_tag","embeddable":true,"href":"https:\/\/vinyform.com\/fr\/wp-json\/wp\/v2\/product_tag?post=16495"},{"taxonomy":"industries","embeddable":true,"href":"https:\/\/vinyform.com\/fr\/wp-json\/wp\/v2\/industries?post=16495"}],"curies":[{"name":"wp","href":"https:\/\/api.w.org\/{rel}","templated":true}]}}