{"id":16516,"date":"2022-01-20T10:18:25","date_gmt":"2022-01-20T15:18:25","guid":{"rendered":"https:\/\/vinyform.com\/product\/le-carnet-rendez-vous\/"},"modified":"2026-02-16T15:19:38","modified_gmt":"2026-02-16T20:19:38","slug":"le-carnet-rendez-vous","status":"publish","type":"product","link":"https:\/\/vinyform.com\/fr\/produit\/le-carnet-rendez-vous\/","title":{"rendered":"le carnet rendez-vous"},"content":{"rendered":"","protected":false},"excerpt":{"rendered":"<p>Le carnet rendez-vous en cuir synth\u00e9tique comprend un agenda hebdomadaire (en anglais seulement), beaucoup de pochettes pour utilisation vari\u00e9es et un coulant \u00e0 stylo. (stylo non inclus)<\/p>\n","protected":false},"featured_media":16886,"template":"","meta":[],"product_brand":[],"product_cat":[663],"product_tag":[],"industries":[649],"class_list":{"0":"post-16516","1":"product","2":"type-product","3":"status-publish","4":"has-post-thumbnail","6":"product_cat-agendas-et-calendriers","7":"pa_dimensions-closed-7-x-4-1-2-fr","8":"pa_quantity-75-fr","9":"pa_quantity-150-fr","10":"pa_quantity-250-fr","11":"pa_quantity-500-fr","12":"pa_quantity-1000-fr","13":"industries-ventes-et-bureaux-professionnels","15":"first","16":"instock","17":"purchasable","18":"product-type-variable"},"_links":{"self":[{"href":"https:\/\/vinyform.com\/fr\/wp-json\/wp\/v2\/product\/16516","targetHints":{"allow":["GET"]}}],"collection":[{"href":"https:\/\/vinyform.com\/fr\/wp-json\/wp\/v2\/product"}],"about":[{"href":"https:\/\/vinyform.com\/fr\/wp-json\/wp\/v2\/types\/product"}],"version-history":[{"count":4,"href":"https:\/\/vinyform.com\/fr\/wp-json\/wp\/v2\/product\/16516\/revisions"}],"predecessor-version":[{"id":21833,"href":"https:\/\/vinyform.com\/fr\/wp-json\/wp\/v2\/product\/16516\/revisions\/21833"}],"wp:featuredmedia":[{"embeddable":true,"href":"https:\/\/vinyform.com\/fr\/wp-json\/wp\/v2\/media\/16886"}],"wp:attachment":[{"href":"https:\/\/vinyform.com\/fr\/wp-json\/wp\/v2\/media?parent=16516"}],"wp:term":[{"taxonomy":"product_brand","embeddable":true,"href":"https:\/\/vinyform.com\/fr\/wp-json\/wp\/v2\/product_brand?post=16516"},{"taxonomy":"product_cat","embeddable":true,"href":"https:\/\/vinyform.com\/fr\/wp-json\/wp\/v2\/product_cat?post=16516"},{"taxonomy":"product_tag","embeddable":true,"href":"https:\/\/vinyform.com\/fr\/wp-json\/wp\/v2\/product_tag?post=16516"},{"taxonomy":"industries","embeddable":true,"href":"https:\/\/vinyform.com\/fr\/wp-json\/wp\/v2\/industries?post=16516"}],"curies":[{"name":"wp","href":"https:\/\/api.w.org\/{rel}","templated":true}]}}