{"id":19241,"date":"2022-01-20T10:08:55","date_gmt":"2022-01-20T15:08:55","guid":{"rendered":"https:\/\/vinyform.com\/product\/porte-police-distinctif-de-luxe-a-3-volets\/"},"modified":"2023-06-29T08:48:31","modified_gmt":"2023-06-29T12:48:31","slug":"porte-police-distinctif-de-luxe-a-3-volets","status":"publish","type":"product","link":"https:\/\/vinyform.com\/fr\/produit\/porte-police-distinctif-de-luxe-a-3-volets\/","title":{"rendered":"Porte-police distinctif de luxe \u00e0 3 volets"},"content":{"rendered":"","protected":false},"excerpt":{"rendered":"<p>Porte-police distinctif 3 volets, mod\u00e8le de luxe fait de cuirette \u00e0 l&rsquo;ext\u00e9rieur, d&rsquo;un coussinage complet, points de couture, 2 coins m\u00e9talliques et un fermoir velcro.  8 grandes pochettes de format lettre \u00e0 l&rsquo;int\u00e9rieur. 2 demi pochettes opaques avec prise facile en page 2 et 3, en page 2 est superpos\u00e9e une pochette double pour carte d&rsquo;affaires.<\/p>\n","protected":false},"featured_media":4462,"template":"","meta":[],"product_brand":[],"product_cat":[657],"product_tag":[],"industries":[650,701],"class_list":{"0":"post-19241","1":"product","2":"type-product","3":"status-publish","4":"has-post-thumbnail","6":"product_cat-portes-documents","7":"pa_dimensions-closed-9-3-4-x-11-1-2-fr","8":"pa_quantity-25-fr","9":"pa_quantity-50-fr","10":"pa_quantity-100-fr","11":"pa_quantity-250-fr","12":"pa_quantity-500-fr","13":"pa_quantity-1000-fr","14":"industries-assurance","15":"industries-institutions-financieres","17":"first","18":"instock","19":"purchasable","20":"product-type-variable"},"_links":{"self":[{"href":"https:\/\/vinyform.com\/fr\/wp-json\/wp\/v2\/product\/19241","targetHints":{"allow":["GET"]}}],"collection":[{"href":"https:\/\/vinyform.com\/fr\/wp-json\/wp\/v2\/product"}],"about":[{"href":"https:\/\/vinyform.com\/fr\/wp-json\/wp\/v2\/types\/product"}],"version-history":[{"count":1,"href":"https:\/\/vinyform.com\/fr\/wp-json\/wp\/v2\/product\/19241\/revisions"}],"predecessor-version":[{"id":19242,"href":"https:\/\/vinyform.com\/fr\/wp-json\/wp\/v2\/product\/19241\/revisions\/19242"}],"wp:featuredmedia":[{"embeddable":true,"href":"https:\/\/vinyform.com\/fr\/wp-json\/wp\/v2\/media\/4462"}],"wp:attachment":[{"href":"https:\/\/vinyform.com\/fr\/wp-json\/wp\/v2\/media?parent=19241"}],"wp:term":[{"taxonomy":"product_brand","embeddable":true,"href":"https:\/\/vinyform.com\/fr\/wp-json\/wp\/v2\/product_brand?post=19241"},{"taxonomy":"product_cat","embeddable":true,"href":"https:\/\/vinyform.com\/fr\/wp-json\/wp\/v2\/product_cat?post=19241"},{"taxonomy":"product_tag","embeddable":true,"href":"https:\/\/vinyform.com\/fr\/wp-json\/wp\/v2\/product_tag?post=19241"},{"taxonomy":"industries","embeddable":true,"href":"https:\/\/vinyform.com\/fr\/wp-json\/wp\/v2\/industries?post=19241"}],"curies":[{"name":"wp","href":"https:\/\/api.w.org\/{rel}","templated":true}]}}