{"id":19249,"date":"2022-01-20T10:09:07","date_gmt":"2022-01-20T15:09:07","guid":{"rendered":"https:\/\/vinyform.com\/product\/porte-polices-3-volets\/"},"modified":"2023-06-29T08:48:36","modified_gmt":"2023-06-29T12:48:36","slug":"porte-polices-3-volets","status":"publish","type":"product","link":"https:\/\/vinyform.com\/fr\/produit\/porte-polices-3-volets\/","title":{"rendered":"Porte-polices 3 volets"},"content":{"rendered":"","protected":false},"excerpt":{"rendered":"<p>Porte-polices 3 volets: mod\u00e8le de luxe fait de cuirette \u00e0 l&rsquo;ext\u00e9rieur, d&rsquo;un coussinage complet, points de couture, 2 coins m\u00e9talliques et un fermoir velcro. Couverture rigide de 3 volets, avec 4 grandes et 4 petites pochettes transparentes givr\u00e9es, une pochette diagonale \u00e0 l&rsquo;int\u00e9rieur de la couverture, fermoir velcro ajustable, pochette cartes d&rsquo;affaire en coin sous le rabat.<\/p>\n","protected":false},"featured_media":16754,"template":"","meta":[],"product_brand":[],"product_cat":[657],"product_tag":[],"industries":[650,701],"class_list":{"0":"post-19249","1":"product","2":"type-product","3":"status-publish","4":"has-post-thumbnail","6":"product_cat-portes-documents","7":"pa_dimensions-closed-9-3-4-x-11-1-2-fr","8":"pa_quantity-25-fr","9":"pa_quantity-50-fr","10":"pa_quantity-100-fr","11":"pa_quantity-250-fr","12":"pa_quantity-500-fr","13":"pa_quantity-1000-fr","14":"industries-assurance","15":"industries-institutions-financieres","17":"first","18":"instock","19":"purchasable","20":"product-type-variable"},"_links":{"self":[{"href":"https:\/\/vinyform.com\/fr\/wp-json\/wp\/v2\/product\/19249","targetHints":{"allow":["GET"]}}],"collection":[{"href":"https:\/\/vinyform.com\/fr\/wp-json\/wp\/v2\/product"}],"about":[{"href":"https:\/\/vinyform.com\/fr\/wp-json\/wp\/v2\/types\/product"}],"version-history":[{"count":1,"href":"https:\/\/vinyform.com\/fr\/wp-json\/wp\/v2\/product\/19249\/revisions"}],"predecessor-version":[{"id":19250,"href":"https:\/\/vinyform.com\/fr\/wp-json\/wp\/v2\/product\/19249\/revisions\/19250"}],"wp:featuredmedia":[{"embeddable":true,"href":"https:\/\/vinyform.com\/fr\/wp-json\/wp\/v2\/media\/16754"}],"wp:attachment":[{"href":"https:\/\/vinyform.com\/fr\/wp-json\/wp\/v2\/media?parent=19249"}],"wp:term":[{"taxonomy":"product_brand","embeddable":true,"href":"https:\/\/vinyform.com\/fr\/wp-json\/wp\/v2\/product_brand?post=19249"},{"taxonomy":"product_cat","embeddable":true,"href":"https:\/\/vinyform.com\/fr\/wp-json\/wp\/v2\/product_cat?post=19249"},{"taxonomy":"product_tag","embeddable":true,"href":"https:\/\/vinyform.com\/fr\/wp-json\/wp\/v2\/product_tag?post=19249"},{"taxonomy":"industries","embeddable":true,"href":"https:\/\/vinyform.com\/fr\/wp-json\/wp\/v2\/industries?post=19249"}],"curies":[{"name":"wp","href":"https:\/\/api.w.org\/{rel}","templated":true}]}}