{"id":19430,"date":"2022-01-20T10:18:39","date_gmt":"2022-01-20T15:18:39","guid":{"rendered":"https:\/\/vinyform.com\/product\/porte-diplome-format-a4-210mm-x-297mm\/"},"modified":"2023-06-29T08:51:41","modified_gmt":"2023-06-29T12:51:41","slug":"porte-diplome-format-a4-210mm-x-297mm","status":"publish","type":"product","link":"https:\/\/vinyform.com\/fr\/produit\/porte-diplome-format-a4-210mm-x-297mm\/","title":{"rendered":"Porte-dipl\u00f4me format A4 210mm x 297mm"},"content":{"rendered":"","protected":false},"excerpt":{"rendered":"<p>Porte-dipl\u00f4me en vinyle parfait pour les universit\u00e9s, coll\u00e8ges, \u00e9coles sp\u00e9cialis\u00e9es, associations, reconnaissances, etc. Pour certificat de format A4. 4 options de configuration int\u00e9rieure disponibles (voir image).<\/p>\n","protected":false},"featured_media":17986,"template":"","meta":[],"product_brand":[],"product_cat":[652],"product_tag":[],"industries":[665],"class_list":{"0":"post-19430","1":"product","2":"type-product","3":"status-publish","4":"has-post-thumbnail","6":"product_cat-porte-diplomes","7":"pa_quantity-50-fr","8":"pa_quantity-100-fr","9":"pa_quantity-150-fr","10":"pa_quantity-250-fr","11":"pa_quantity-500-fr","12":"pa_quantity-1000-fr","13":"industries-education-fr","15":"first","16":"instock","17":"purchasable","18":"product-type-variable"},"_links":{"self":[{"href":"https:\/\/vinyform.com\/fr\/wp-json\/wp\/v2\/product\/19430","targetHints":{"allow":["GET"]}}],"collection":[{"href":"https:\/\/vinyform.com\/fr\/wp-json\/wp\/v2\/product"}],"about":[{"href":"https:\/\/vinyform.com\/fr\/wp-json\/wp\/v2\/types\/product"}],"version-history":[{"count":1,"href":"https:\/\/vinyform.com\/fr\/wp-json\/wp\/v2\/product\/19430\/revisions"}],"predecessor-version":[{"id":19431,"href":"https:\/\/vinyform.com\/fr\/wp-json\/wp\/v2\/product\/19430\/revisions\/19431"}],"wp:featuredmedia":[{"embeddable":true,"href":"https:\/\/vinyform.com\/fr\/wp-json\/wp\/v2\/media\/17986"}],"wp:attachment":[{"href":"https:\/\/vinyform.com\/fr\/wp-json\/wp\/v2\/media?parent=19430"}],"wp:term":[{"taxonomy":"product_brand","embeddable":true,"href":"https:\/\/vinyform.com\/fr\/wp-json\/wp\/v2\/product_brand?post=19430"},{"taxonomy":"product_cat","embeddable":true,"href":"https:\/\/vinyform.com\/fr\/wp-json\/wp\/v2\/product_cat?post=19430"},{"taxonomy":"product_tag","embeddable":true,"href":"https:\/\/vinyform.com\/fr\/wp-json\/wp\/v2\/product_tag?post=19430"},{"taxonomy":"industries","embeddable":true,"href":"https:\/\/vinyform.com\/fr\/wp-json\/wp\/v2\/industries?post=19430"}],"curies":[{"name":"wp","href":"https:\/\/api.w.org\/{rel}","templated":true}]}}