{"id":19478,"date":"2022-01-20T10:19:06","date_gmt":"2022-01-20T15:19:06","guid":{"rendered":"https:\/\/vinyform.com\/product\/porte-diplome-de-luxe-ouverture-droite-gauche-8-1-2-x-11\/"},"modified":"2024-04-03T11:27:51","modified_gmt":"2024-04-03T15:27:51","slug":"porte-diplome-de-luxe-ouverture-droite-gauche-8-1-2-x-11","status":"publish","type":"product","link":"https:\/\/vinyform.com\/fr\/produit\/porte-diplome-de-luxe-ouverture-droite-gauche-8-1-2-x-11\/","title":{"rendered":"Porte-dipl\u00f4me de luxe ouverture droite-gauche 8 1\/2&Prime; x 11&Prime;"},"content":{"rendered":"","protected":false},"excerpt":{"rendered":"<p>Porte-dipl\u00f4me de luxe en cuirette avec ouverture droite-gauche.<\/p>\n<p>Pour certificat de format lettre, ces porte-dipl\u00f4me sont coussin\u00e9s des deux c\u00f4t\u00e9s et cousus. Coins m\u00e9talliques (Or ou argent) en option. Ils sont parfaits pour les universit\u00e9s, coll\u00e8ges, \u00e9coles sp\u00e9cialis\u00e9es, associations, reconnaissances ou pour tout document officiel. 4 options de configuration int\u00e9rieure sont disponibles (voir image). Pour d\u00e9corer d\u2019un gaufrage, le porte-dipl\u00f4me doit \u00eatre fait de Cuirette A. L\u2019impression \u00e0 chaud et le gaufrage sont limit\u00e9s \u00e0 12 pouces carr\u00e9es et\/ou 6 pouces lin\u00e9aires.<\/p>\n<p>Contactez-nous pour les portes-dipl\u00f4mes avec feuilles scell\u00e9es ou pour toute modification aux configurations int\u00e9rieures standard.<\/p>\n","protected":false},"featured_media":17992,"template":"","meta":[],"product_brand":[],"product_cat":[652],"product_tag":[],"industries":[665],"class_list":{"0":"post-19478","1":"product","2":"type-product","3":"status-publish","4":"has-post-thumbnail","6":"product_cat-porte-diplomes","7":"pa_quantity-50-fr","8":"pa_quantity-100-fr","9":"pa_quantity-150-fr","10":"pa_quantity-250-fr","11":"pa_quantity-500-fr","12":"pa_quantity-1000-fr","13":"industries-education-fr","15":"first","16":"instock","17":"purchasable","18":"product-type-variable"},"_links":{"self":[{"href":"https:\/\/vinyform.com\/fr\/wp-json\/wp\/v2\/product\/19478","targetHints":{"allow":["GET"]}}],"collection":[{"href":"https:\/\/vinyform.com\/fr\/wp-json\/wp\/v2\/product"}],"about":[{"href":"https:\/\/vinyform.com\/fr\/wp-json\/wp\/v2\/types\/product"}],"version-history":[{"count":3,"href":"https:\/\/vinyform.com\/fr\/wp-json\/wp\/v2\/product\/19478\/revisions"}],"predecessor-version":[{"id":24601,"href":"https:\/\/vinyform.com\/fr\/wp-json\/wp\/v2\/product\/19478\/revisions\/24601"}],"wp:featuredmedia":[{"embeddable":true,"href":"https:\/\/vinyform.com\/fr\/wp-json\/wp\/v2\/media\/17992"}],"wp:attachment":[{"href":"https:\/\/vinyform.com\/fr\/wp-json\/wp\/v2\/media?parent=19478"}],"wp:term":[{"taxonomy":"product_brand","embeddable":true,"href":"https:\/\/vinyform.com\/fr\/wp-json\/wp\/v2\/product_brand?post=19478"},{"taxonomy":"product_cat","embeddable":true,"href":"https:\/\/vinyform.com\/fr\/wp-json\/wp\/v2\/product_cat?post=19478"},{"taxonomy":"product_tag","embeddable":true,"href":"https:\/\/vinyform.com\/fr\/wp-json\/wp\/v2\/product_tag?post=19478"},{"taxonomy":"industries","embeddable":true,"href":"https:\/\/vinyform.com\/fr\/wp-json\/wp\/v2\/industries?post=19478"}],"curies":[{"name":"wp","href":"https:\/\/api.w.org\/{rel}","templated":true}]}}