{"id":24334,"date":"2024-02-14T11:09:26","date_gmt":"2024-02-14T16:09:26","guid":{"rendered":"https:\/\/vinyform.com\/product\/menu-de-luxe-format-lettre\/"},"modified":"2024-02-29T16:22:00","modified_gmt":"2024-02-29T21:22:00","slug":"menu-de-luxe-format-lettre","status":"publish","type":"product","link":"https:\/\/vinyform.com\/fr\/produit\/menu-de-luxe-format-lettre\/","title":{"rendered":"Menu de luxe format lettre"},"content":{"rendered":"<p>Menu de luxe format lettre (8 1\/2&Prime;x 11&Prime;). La cuirette synth\u00e9tique \u00a0\u00bbAAA\u00a0\u00bb est utilis\u00e9e pour faire cette item d\u00fb \u00e0 sa r\u00e9sistance. Inclus 2 pochettes claires ouvertes au centre, ainsi que 2 petits rabats clairs (1 3\/4&Prime;) pour les menus quotidiens dans les couvertures int\u00e9rieures. Pochettes claires doubles avec ouvertyure au haut, jointes au centre permet de contenir 4 pages de menu dos-\u00e0-dos. Inclus aussi la couture autour et les 4 coins de m\u00e9tal. Impression \u00e0 chaud maximum 12 po2 (6&Prime; lin\u00e9aire). sq. in. max<\/p>\n","protected":false},"excerpt":{"rendered":"<p>Menu de luxe format lettre (8 1\/2&Prime;x 11&Prime;). La cuirette synth\u00e9tique \u00a0\u00bbAAA\u00a0\u00bb est utilis\u00e9e pour faire cette item d\u00fb \u00e0 sa r\u00e9sistance. Inclus 2 pochettes claires ouvertes au centre, ainsi que 2 petits rabats clairs (1 3\/4&Prime;) pour les menus quotidiens dans les couvertures int\u00e9rieures. Pochettes claires doubles avec ouvertyure au haut, jointes au centre permet de contenir 4 pages de menu dos-\u00e0-dos. Inclus aussi la couture autour et les 4 coins de m\u00e9tal. Impression \u00e0 chaud maximum 12 po2 (6&Prime; lin\u00e9aire). sq. in. max<\/p>\n","protected":false},"featured_media":4296,"template":"","meta":[],"product_brand":[],"product_cat":[728],"product_tag":[],"industries":[654],"class_list":{"0":"post-24334","1":"product","2":"type-product","3":"status-publish","4":"has-post-thumbnail","6":"product_cat-menu-de-restaurant","7":"pa_quantity-25-fr","8":"pa_quantity-50-fr","9":"pa_quantity-100-fr","10":"industries-restaurants-et-hotellerie","12":"first","13":"instock","14":"product-type-variable"},"_links":{"self":[{"href":"https:\/\/vinyform.com\/fr\/wp-json\/wp\/v2\/product\/24334","targetHints":{"allow":["GET"]}}],"collection":[{"href":"https:\/\/vinyform.com\/fr\/wp-json\/wp\/v2\/product"}],"about":[{"href":"https:\/\/vinyform.com\/fr\/wp-json\/wp\/v2\/types\/product"}],"version-history":[{"count":1,"href":"https:\/\/vinyform.com\/fr\/wp-json\/wp\/v2\/product\/24334\/revisions"}],"predecessor-version":[{"id":24338,"href":"https:\/\/vinyform.com\/fr\/wp-json\/wp\/v2\/product\/24334\/revisions\/24338"}],"wp:featuredmedia":[{"embeddable":true,"href":"https:\/\/vinyform.com\/fr\/wp-json\/wp\/v2\/media\/4296"}],"wp:attachment":[{"href":"https:\/\/vinyform.com\/fr\/wp-json\/wp\/v2\/media?parent=24334"}],"wp:term":[{"taxonomy":"product_brand","embeddable":true,"href":"https:\/\/vinyform.com\/fr\/wp-json\/wp\/v2\/product_brand?post=24334"},{"taxonomy":"product_cat","embeddable":true,"href":"https:\/\/vinyform.com\/fr\/wp-json\/wp\/v2\/product_cat?post=24334"},{"taxonomy":"product_tag","embeddable":true,"href":"https:\/\/vinyform.com\/fr\/wp-json\/wp\/v2\/product_tag?post=24334"},{"taxonomy":"industries","embeddable":true,"href":"https:\/\/vinyform.com\/fr\/wp-json\/wp\/v2\/industries?post=24334"}],"curies":[{"name":"wp","href":"https:\/\/api.w.org\/{rel}","templated":true}]}}