{"id":24663,"date":"2024-04-18T16:19:46","date_gmt":"2024-04-18T20:19:46","guid":{"rendered":"https:\/\/vinyform.com\/product\/tapis-de-souris-calendrier-bilingue\/"},"modified":"2024-05-24T09:24:57","modified_gmt":"2024-05-24T13:24:57","slug":"tapis-de-souris-calendrier-bilingue","status":"publish","type":"product","link":"https:\/\/vinyform.com\/fr\/produit\/tapis-de-souris-calendrier-bilingue\/","title":{"rendered":"Tapis de souris calendrier bilingue"},"content":{"rendered":"","protected":false},"excerpt":{"rendered":"<p>Tapis de souris calendrier bilingue sont faits de vinyle rigide. Le dessous est caoutchout\u00e9 pour \u00eatre antid\u00e9rapant sur toutes sortes de surfaces. Permet une impression d&rsquo;une sruface maximale de 5\u00a0\u00bb x 1 3\/8\u00a0\u00bb en impression \u00e0 chaud dans la zone noire d\u00e9di\u00e9e. Un vinyle clair givr\u00e9 prot\u00e8ge un calendrier annuel bilingue et permet un bon glissement de la souris. S&rsquo;utilise autant avec les souris optiques ou \u00e0 boule.<\/p>\n","protected":false},"featured_media":24659,"template":"","meta":[],"product_brand":[],"product_cat":[663],"product_tag":[],"industries":[650,701,649],"class_list":{"0":"post-24663","1":"product","2":"type-product","3":"status-publish","4":"has-post-thumbnail","6":"product_cat-agendas-et-calendriers","7":"pa_quantity-125-fr","8":"pa_quantity-250-fr","9":"pa_quantity-500-fr","10":"pa_quantity-1000-fr","11":"pa_quantity-2500-fr","12":"industries-assurance","13":"industries-institutions-financieres","14":"industries-ventes-et-bureaux-professionnels","16":"first","17":"instock","18":"taxable","19":"shipping-taxable","20":"product-type-variable"},"_links":{"self":[{"href":"https:\/\/vinyform.com\/fr\/wp-json\/wp\/v2\/product\/24663","targetHints":{"allow":["GET"]}}],"collection":[{"href":"https:\/\/vinyform.com\/fr\/wp-json\/wp\/v2\/product"}],"about":[{"href":"https:\/\/vinyform.com\/fr\/wp-json\/wp\/v2\/types\/product"}],"version-history":[{"count":2,"href":"https:\/\/vinyform.com\/fr\/wp-json\/wp\/v2\/product\/24663\/revisions"}],"predecessor-version":[{"id":24685,"href":"https:\/\/vinyform.com\/fr\/wp-json\/wp\/v2\/product\/24663\/revisions\/24685"}],"wp:featuredmedia":[{"embeddable":true,"href":"https:\/\/vinyform.com\/fr\/wp-json\/wp\/v2\/media\/24659"}],"wp:attachment":[{"href":"https:\/\/vinyform.com\/fr\/wp-json\/wp\/v2\/media?parent=24663"}],"wp:term":[{"taxonomy":"product_brand","embeddable":true,"href":"https:\/\/vinyform.com\/fr\/wp-json\/wp\/v2\/product_brand?post=24663"},{"taxonomy":"product_cat","embeddable":true,"href":"https:\/\/vinyform.com\/fr\/wp-json\/wp\/v2\/product_cat?post=24663"},{"taxonomy":"product_tag","embeddable":true,"href":"https:\/\/vinyform.com\/fr\/wp-json\/wp\/v2\/product_tag?post=24663"},{"taxonomy":"industries","embeddable":true,"href":"https:\/\/vinyform.com\/fr\/wp-json\/wp\/v2\/industries?post=24663"}],"curies":[{"name":"wp","href":"https:\/\/api.w.org\/{rel}","templated":true}]}}