{"id":25155,"date":"2025-03-31T11:16:14","date_gmt":"2025-03-31T15:16:14","guid":{"rendered":"https:\/\/vinyform.com\/product\/couverture-du-menu-de-luxe\/"},"modified":"2025-03-31T11:17:35","modified_gmt":"2025-03-31T15:17:35","slug":"couverture-du-menu-de-luxe","status":"publish","type":"product","link":"https:\/\/vinyform.com\/fr\/produit\/couverture-du-menu-de-luxe\/","title":{"rendered":"Couverture du menu de luxe"},"content":{"rendered":"","protected":false},"excerpt":{"rendered":"<p>Couverture rigide en vinyle expans\u00e9 avec coutures en nylon. Comprend 4 pochettes transparentes pour 8 pages de menu dos \u00e0 dos et 2 bandes transparentes pour les menus quotidiens, \u00e0 l&rsquo;int\u00e9rieur des couvertures. Rembourr\u00e9 des deux c\u00f4t\u00e9s et renforc\u00e9 par 4 coins en m\u00e9tal.<\/p>\n","protected":false},"featured_media":25151,"template":"","meta":[],"product_brand":[],"product_cat":[728],"product_tag":[],"industries":[654],"class_list":{"0":"post-25155","1":"product","2":"type-product","3":"status-publish","4":"has-post-thumbnail","6":"product_cat-menu-de-restaurant","7":"pa_quantity-25-fr","8":"pa_quantity-50-fr","9":"pa_quantity-100-fr","10":"pa_quantity-150-fr","11":"pa_quantity-250-fr","12":"industries-restaurants-et-hotellerie","14":"first","15":"instock","16":"taxable","17":"shipping-taxable","18":"product-type-variable"},"_links":{"self":[{"href":"https:\/\/vinyform.com\/fr\/wp-json\/wp\/v2\/product\/25155","targetHints":{"allow":["GET"]}}],"collection":[{"href":"https:\/\/vinyform.com\/fr\/wp-json\/wp\/v2\/product"}],"about":[{"href":"https:\/\/vinyform.com\/fr\/wp-json\/wp\/v2\/types\/product"}],"version-history":[{"count":1,"href":"https:\/\/vinyform.com\/fr\/wp-json\/wp\/v2\/product\/25155\/revisions"}],"predecessor-version":[{"id":25161,"href":"https:\/\/vinyform.com\/fr\/wp-json\/wp\/v2\/product\/25155\/revisions\/25161"}],"wp:featuredmedia":[{"embeddable":true,"href":"https:\/\/vinyform.com\/fr\/wp-json\/wp\/v2\/media\/25151"}],"wp:attachment":[{"href":"https:\/\/vinyform.com\/fr\/wp-json\/wp\/v2\/media?parent=25155"}],"wp:term":[{"taxonomy":"product_brand","embeddable":true,"href":"https:\/\/vinyform.com\/fr\/wp-json\/wp\/v2\/product_brand?post=25155"},{"taxonomy":"product_cat","embeddable":true,"href":"https:\/\/vinyform.com\/fr\/wp-json\/wp\/v2\/product_cat?post=25155"},{"taxonomy":"product_tag","embeddable":true,"href":"https:\/\/vinyform.com\/fr\/wp-json\/wp\/v2\/product_tag?post=25155"},{"taxonomy":"industries","embeddable":true,"href":"https:\/\/vinyform.com\/fr\/wp-json\/wp\/v2\/industries?post=25155"}],"curies":[{"name":"wp","href":"https:\/\/api.w.org\/{rel}","templated":true}]}}